{"id":1446,"date":"2018-07-17T11:32:47","date_gmt":"2018-07-17T11:32:47","guid":{"rendered":"https:\/\/lafransatravellers.com\/ventajas\/"},"modified":"2026-01-21T12:36:35","modified_gmt":"2026-01-21T11:36:35","slug":"vantatges","status":"publish","type":"page","link":"https:\/\/lafransatravellers.com\/ca\/vantatges\/","title":{"rendered":"Avantatges"},"content":{"rendered":"<h5 style=\"text-align: center; font-style: italic; serif; font-weight: 300; color: #726a62; margin-bottom: 40px !important;\">Aqu\u00ed trobar\u00e0 les ofertes disponibles a la web de La Fran\u00e7a Travellers on garantim el millor preu.<\/h5>\n<div class=\"container twelve columns\" style=\"margin-bottom: 20px; margin-left: 0;\">\n<div class=\"four columns\" style=\"text-align: center; height: 194px; margin-bottom: 30px; background: url('https:\/\/lafransatravellers.com\/wp-content\/uploads\/2024\/02\/ventajas-la-franca-travellers-1.png') center no-repeat; background-size: 300px 194px;\">\n<p style=\"color: #fff; line-height: 200px; font-size: 20px; background: rgb(0,0,0,0.5); height: 194px;\">\n<\/div>\n<div class=\"four columns\" style=\"text-align: center; height: 194px; margin-bottom: 30px; background: url('https:\/\/lafransatravellers.com\/wp-content\/uploads\/2024\/02\/ventajas-la-franca-travellers-2.png') center no-repeat; background-size: 300px 194px;\">\n<div style=\"color: #fff; padding-top: 25%; font-size: 20px; background: rgb(0,0,0,0.5); height: 194px;\"><strong>10% Descompte fidelitzaci\u00f3<\/strong><\/div>\n<\/div>\n<div class=\"four columns\" style=\"text-align: center; height: 194px; margin-bottom: 30px; background: url('https:\/\/lafransatravellers.com\/wp-content\/uploads\/2024\/02\/ventajas-la-franca-travellers-3.png') center no-repeat; background-size: 300px 194px;\">\n<div style=\"color: #fff; padding-top: 25%; font-size: 20px; background: rgb(0,0,0,0.5); height: 194px;\"><\/div>\n<\/div>\n<div class=\"container twelve columns special\" style=\"margin-bottom: 20px; padding-left: 10%; padding-right: 10%;\">\n<div class=\"row\">\n<div class=\"six columns\" style=\"text-align: center; margin-bottom: 30px; padding: 30px;\"><img decoding=\"async\" loading=\"lazy\" class=\"aligncenter\" src=\"https:\/\/lafransatravellers.com\/wp-content\/uploads\/2018\/07\/mejor-precio-garantizado.svg\" alt=\"\" width=\"80\" height=\"auto\" \/><br \/>\nMillor preu garantit<br \/>\nSi troba un millor preu per a la seva categoria d&#8217;habitaci\u00f3 i dates, li millorarem.<\/div>\n<div class=\"six columns\" style=\"text-align: center; margin-left: 0; margin-bottom: 30px; padding: 30px;\"><img decoding=\"async\" loading=\"lazy\" class=\"aligncenter\" src=\"https:\/\/lafransatravellers.com\/wp-content\/uploads\/2018\/07\/mod-free-reserva.svg\" alt=\"\" width=\"80\" height=\"auto\" \/><br \/>\nModificaci\u00f3 sense penalitzaci\u00f3 de les dates de la seva reserva no reemborsable fins a 7 dies abans de la seva arribada, abonant \u00fanicament la difer\u00e8ncia entre la data original i la nova en cas que la tarifa sigui superior.<\/div>\n<\/div>\n<\/div>\n<div class=\"container twelve columns special\" style=\"margin-bottom: 20px; padding-left: 10%; padding-right: 10%;\">\n<div class=\"row\">\n<div class=\"six columns\" style=\"text-align: center; margin-left: 0; margin-bottom: 30px; padding: 30px;\"><img decoding=\"async\" loading=\"lazy\" class=\"aligncenter\" src=\"https:\/\/lafransatravellers.com\/wp-content\/uploads\/2018\/07\/per100.svg\" alt=\"\" width=\"80\" height=\"auto\" \/><br \/>\n10% de descompte a la seva reserva<\/div>\n<div class=\"six columns\" style=\"text-align: center; margin-left: 0; margin-bottom: 30px; padding: 30px;\"><img decoding=\"async\" loading=\"lazy\" class=\"aligncenter\" src=\"https:\/\/lafransatravellers.com\/wp-content\/uploads\/2018\/07\/categoria-hab.svg\" alt=\"\" width=\"80\" height=\"auto\" \/><br \/>\nDisponibilitat de totes les categories d&#8217;habitaci\u00f3<\/div>\n<\/div>\n<\/div>\n<div class=\"container twelve columns special\" style=\"margin-bottom: 20px; padding-left: 10%; padding-right: 10%;\">\n<div class=\"row\">\n<div class=\"six columns\" style=\"text-align: center; margin-left: 0; margin-bottom: 30px; padding: 30px;\"><img decoding=\"async\" loading=\"lazy\" class=\"aligncenter\" src=\"https:\/\/lafransatravellers.com\/wp-content\/uploads\/2018\/07\/sin-coste-por-emision.svg\" alt=\"\" width=\"80\" height=\"auto\" \/><br \/>\nSense cost per emissi\u00f3 de reserves<br \/>\n(Sense intermediari)<\/div>\n<div class=\"six columns\" style=\"text-align: center; margin-left: 0; margin-bottom: 30px; padding: 30px;\"><img decoding=\"async\" loading=\"lazy\" class=\"aligncenter\" src=\"https:\/\/lafransatravellers.com\/wp-content\/uploads\/2018\/07\/confirm-reserva.svg\" alt=\"\" width=\"80\" height=\"auto\" \/><br \/>\nConfirmaci\u00f3 immediata de la reserva<\/div>\n<\/div>\n<\/div>\n<div class=\"container twelve columns special\" style=\"margin-bottom: 20px; padding-left: 10%; padding-right: 10%;\">\n<div class=\"row\">\n<div class=\"six columns\" style=\"text-align: center; margin-left: 0; margin-bottom: 30px; padding: 30px;\"><img decoding=\"async\" loading=\"lazy\" class=\"aligncenter\" src=\"https:\/\/lafransatravellers.com\/wp-content\/uploads\/2018\/07\/Contacto-directo.svg\" alt=\"\" width=\"80\" height=\"auto\" \/><br \/>\nContacte directe amb el personal de l&#8217;hotel abans de la seva arribada per resoldre qualsevol dubte que li pugui sorgir<\/div>\n<\/div>\n<\/div>\n","protected":false},"excerpt":{"rendered":"<p>Aqu\u00ed trobar\u00e0 les ofertes disponibles a la web de La Fran\u00e7a Travellers on garantim el millor preu. 10% Descompte fidelitzaci\u00f3 Millor preu garantit Si troba un millor preu per a la seva categoria d&#8217;habitaci\u00f3 i dates, li millorarem. Modificaci\u00f3 sense penalitzaci\u00f3 de les dates de la seva reserva no reemborsable fins a 7 dies abans [&hellip;]<\/p>\n","protected":false},"author":4,"featured_media":0,"parent":0,"menu_order":0,"comment_status":"closed","ping_status":"closed","template":"page-fullwith.php","meta":[],"acf":[],"_links":{"self":[{"href":"https:\/\/lafransatravellers.com\/ca\/wp-json\/wp\/v2\/pages\/1446"}],"collection":[{"href":"https:\/\/lafransatravellers.com\/ca\/wp-json\/wp\/v2\/pages"}],"about":[{"href":"https:\/\/lafransatravellers.com\/ca\/wp-json\/wp\/v2\/types\/page"}],"author":[{"embeddable":true,"href":"https:\/\/lafransatravellers.com\/ca\/wp-json\/wp\/v2\/users\/4"}],"replies":[{"embeddable":true,"href":"https:\/\/lafransatravellers.com\/ca\/wp-json\/wp\/v2\/comments?post=1446"}],"version-history":[{"count":0,"href":"https:\/\/lafransatravellers.com\/ca\/wp-json\/wp\/v2\/pages\/1446\/revisions"}],"wp:attachment":[{"href":"https:\/\/lafransatravellers.com\/ca\/wp-json\/wp\/v2\/media?parent=1446"}],"curies":[{"name":"wp","href":"https:\/\/api.w.org\/{rel}","templated":true}]}}