{"id":269,"date":"2015-07-27T15:26:42","date_gmt":"2015-07-27T15:26:42","guid":{"rendered":"https:\/\/lafransatravellers.com\/ca\/localizacion\/"},"modified":"2018-08-30T06:25:28","modified_gmt":"2018-08-30T06:25:28","slug":"localizacio","status":"publish","type":"page","link":"https:\/\/lafransatravellers.com\/ca\/localizacio\/","title":{"rendered":"Localizaci\u00f3"},"content":{"rendered":"<div class=\"ubicacion\">\n<style type=\"text\/css\" id=\"gmpMapStyles_1_36510\">\n\t#google_map_easy_1_36510 {\n        width: 100%;\n        height: 400px;\n\t\t\t\t\t\t    }\n\t#gmapControlsNum_1_36510 {\n\t\twidth:100%\t}\n\t.gmpMapDetailsContainer#gmpMapDetailsContainer_1_36510 {\n\t\theight:400px;\n\t}\n\t.gmp_MapPreview#google_map_easy_1_36510 {\n\t\t\/*position:absolute;*\/\n\t\twidth: 100%;\n\t}\n\t#mapConElem_1_36510{\n\t\twidth: 100%\t}\n    .gm-style .gm-style-iw-c{\n        padding: 12px!important;\n    }\n\t    <\/style>\n <div class=\"gmp_map_opts\" id=\"mapConElem_1_36510\" data-id=\"1\" data-view-id=\"1_36510\" > <div class=\"gmpMapDetailsContainer\" id=\"gmpMapDetailsContainer_1_36510\"> <i class=\"gmpKMLLayersPreloader fa fa-spinner fa-spin\" aria-hidden=\"true\" style=\"display: none;\"><\/i> <div class=\"gmp_MapPreview \" id=\"google_map_easy_1_36510\"><\/div> <\/div> <div class=\"gmpMapMarkerFilters\" id=\"gmpMapMarkerFilters_1_36510\"> <\/div> <div class=\"gmpMapProControlsCon\" id=\"gmpMapProControlsCon_1_36510\"> <\/div> <div class=\"gmpMapProDirectionsCon\" id=\"gmpMapProDirectionsCon_1_36510\" > <\/div> <div class=\"gmpMapProKmlFilterCon\" id=\"gmpMapProKmlFilterCon_1_36510\" > <\/div> <div class=\"gmpSocialSharingShell gmpSocialSharingShell_1_36510\"> <\/div> <div style=\"clear: both;\"><\/div> <\/div> \n<p>&nbsp;<\/p>\n<p style=\"text-align: center;\">C\/ La Fran\u00e7a Xica 38 &#8211; Barcelona 08004 &#8211; <a href=\"tel:+34934231417\">934 231 417<\/a><\/p>\n<p style=\"text-align: center;\"><a href=\"https:\/\/goo.gl\/maps\/RtjLKVXyTUr\" target=\"_blank\" rel=\"noopener\">VEURE A GOOGLE MAPS<\/a><\/p>\n<h2>Com arribar<\/h2>\n<\/div>\n<p><strong>Transport p\u00fablic<\/strong><\/p>\n<p><strong>Metro<\/strong>: La parada de metro m\u00e9s propera \u00e9s Poblesec (l\u00ednia 3) que es troba a 5 minuts a peu i Pla\u00e7a Espanya (l\u00ednia 1) que es troba a 10 minuts a peu.<\/p>\n<p><strong>Bus<\/strong>: Els autobusos amb parada al costat de l&#8217;hotel s\u00f3n el 55 i el 121. La parades del D20, el L70, L72, H12 s\u00f3n a 10 minuts a peu.<\/p>\n<p><strong>Bus<\/strong> <strong>tur\u00edstic<\/strong>: La parada m\u00e9s propera a l&#8217;hotel est\u00e0 situada a prop de la Font M\u00e0gica (ruta vermella) i es troba a 5 minuts a peu de l&#8217;hotel.<\/p>\n<p>&nbsp;<\/p>\n<p><strong>Aeroport de Barcelona &#8211; el Prat<\/strong><\/p>\n<p><strong>Tren<\/strong>: El tren de rodalies RENFE es pot agafar des de la T2 de l&#8217;Aeroport de Barcelona i el portar\u00e0 fins a l&#8217;estaci\u00f3 de Sants. Des d&#8217;all\u00e0 t\u00e9 la l\u00ednia 3 del metro que el porta a Poblesec, a 5 minuts de l&#8217;hotel.<\/p>\n<p>Des de la T1 hi ha un bus llan\u00e7adora gratu\u00eft que el porta a la T2.<\/p>\n<p>Preu: Bitllet senzill 2,20 \u20ac per persona<\/p>\n<p>Temps aproximat: 35 minuts<\/p>\n<p><strong>Aerob\u00fas<\/strong>: L&#8217;Aerob\u00fas es pot agafar des de les dues terminals i el portar\u00e0 fins a Pla\u00e7a d&#8217;Espanya. Des d&#8217;all\u00e0 estem a 10 minuts a peu donant un bonic passeig, o t\u00e9 la L\u00ednia 3 del metro que el porta a Poblesec (1 parada).<\/p>\n<p>Preu: 5,90 \u20ac per persona<\/p>\n<p>Temps aproximat: 40 minuts<\/p>\n<p><strong>Taxi<\/strong>: Hi ha parades a les dues terminals.<\/p>\n<p>Preu aproximat: 35 \u20ac<\/p>\n<p>Temps aproximat: 20 minuts<\/p>\n<p><strong>Metro<\/strong>: La L\u00ednia 9 Sud es pot agafar des d&#8217;ambdues terminals i el portar\u00e0 fins a la parada de la zona Universit\u00e0ria. Des d&#8217;all\u00e0 t\u00e9 la l\u00ednia 3 del metro on ha de baixar a l&#8217;estaci\u00f3 Poblesec.<\/p>\n<p>Preu: 4,60 \u20ac<\/p>\n<p>Temps aproximat: 55 minuts<\/p>\n","protected":false},"excerpt":{"rendered":"<p>&nbsp; C\/ La Fran\u00e7a Xica 38 &#8211; Barcelona 08004 &#8211; 934 231 417 VEURE A GOOGLE MAPS Com arribar Transport p\u00fablic Metro: La parada de metro m\u00e9s propera \u00e9s Poblesec (l\u00ednia 3) que es troba a 5 minuts a peu i Pla\u00e7a Espanya (l\u00ednia 1) que es troba a 10 minuts a peu. Bus: Els [&hellip;]<\/p>\n","protected":false},"author":2,"featured_media":0,"parent":0,"menu_order":0,"comment_status":"closed","ping_status":"closed","template":"page-fullwith.php","meta":[],"acf":[],"_links":{"self":[{"href":"https:\/\/lafransatravellers.com\/ca\/wp-json\/wp\/v2\/pages\/269"}],"collection":[{"href":"https:\/\/lafransatravellers.com\/ca\/wp-json\/wp\/v2\/pages"}],"about":[{"href":"https:\/\/lafransatravellers.com\/ca\/wp-json\/wp\/v2\/types\/page"}],"author":[{"embeddable":true,"href":"https:\/\/lafransatravellers.com\/ca\/wp-json\/wp\/v2\/users\/2"}],"replies":[{"embeddable":true,"href":"https:\/\/lafransatravellers.com\/ca\/wp-json\/wp\/v2\/comments?post=269"}],"version-history":[{"count":0,"href":"https:\/\/lafransatravellers.com\/ca\/wp-json\/wp\/v2\/pages\/269\/revisions"}],"wp:attachment":[{"href":"https:\/\/lafransatravellers.com\/ca\/wp-json\/wp\/v2\/media?parent=269"}],"curies":[{"name":"wp","href":"https:\/\/api.w.org\/{rel}","templated":true}]}}