{"id":357,"date":"2015-07-27T15:26:11","date_gmt":"2015-07-27T15:26:11","guid":{"rendered":"https:\/\/lafransatravellers.com\/?page_id=357"},"modified":"2023-06-30T10:29:53","modified_gmt":"2023-06-30T10:29:53","slug":"propostes","status":"publish","type":"page","link":"https:\/\/lafransatravellers.com\/ca\/propostes\/","title":{"rendered":"Propostes"},"content":{"rendered":"<h5 style=\"text-align: center; font-style: italic; serif; font-weight: 300; color: #726a62; margin-bottom: 40px !important;\">La nostra excepcional ubicaci\u00f3 li permetr\u00e0 arribar als principals llocs d&#8217;inter\u00e8s tur\u00edstic i cultural.<br \/>\nTroba les millors ofertes de Barcelona aqu\u00ed.<\/h5>\n","protected":false},"excerpt":{"rendered":"<p>La nostra excepcional ubicaci\u00f3 li permetr\u00e0 arribar als principals llocs d&#8217;inter\u00e8s tur\u00edstic i cultural. Troba les millors ofertes de Barcelona aqu\u00ed.<\/p>\n","protected":false},"author":2,"featured_media":0,"parent":0,"menu_order":0,"comment_status":"closed","ping_status":"closed","template":"page-propuestas.php","meta":[],"acf":[],"_links":{"self":[{"href":"https:\/\/lafransatravellers.com\/ca\/wp-json\/wp\/v2\/pages\/357"}],"collection":[{"href":"https:\/\/lafransatravellers.com\/ca\/wp-json\/wp\/v2\/pages"}],"about":[{"href":"https:\/\/lafransatravellers.com\/ca\/wp-json\/wp\/v2\/types\/page"}],"author":[{"embeddable":true,"href":"https:\/\/lafransatravellers.com\/ca\/wp-json\/wp\/v2\/users\/2"}],"replies":[{"embeddable":true,"href":"https:\/\/lafransatravellers.com\/ca\/wp-json\/wp\/v2\/comments?post=357"}],"version-history":[{"count":0,"href":"https:\/\/lafransatravellers.com\/ca\/wp-json\/wp\/v2\/pages\/357\/revisions"}],"wp:attachment":[{"href":"https:\/\/lafransatravellers.com\/ca\/wp-json\/wp\/v2\/media?parent=357"}],"curies":[{"name":"wp","href":"https:\/\/api.w.org\/{rel}","templated":true}]}}