{"id":58,"date":"2015-07-27T15:25:04","date_gmt":"2015-07-27T15:25:04","guid":{"rendered":"http:\/\/lafransa.com.mialias.net\/ca\/servicios\/"},"modified":"2026-01-21T10:51:20","modified_gmt":"2026-01-21T09:51:20","slug":"serveis","status":"publish","type":"page","link":"https:\/\/lafransatravellers.com\/ca\/serveis\/","title":{"rendered":"Serveis"},"content":{"rendered":"<p>A <strong>La Fran\u00e7a Travellers<\/strong> els nostres hostes s\u00f3n el m\u00e9s important. Cuidem fins a l\u2019\u00faltim detall perqu\u00e8 us sentiu com a casa i posem a la vostra disposici\u00f3 una gran varietat de serveis que faran de la vostra estada a l\u2019hotel una experi\u00e8ncia inoblidable.<\/p>\n<p>El nostre equip de recepci\u00f3 est\u00e0 disponible les 24 hores per atendre qualsevol necessitat que pugueu tenir. Podreu gaudir del servei d\u2019habitacions de 7 a.m. a 2 a.m. i connectar-vos al nostre wifi gratu\u00eft a tot l\u2019hotel. Disposem d&#8217;aparcament propi per a turismes i motos, de pagament o gratu\u00eft segons temporada, ubicat al mateix edifici. Gaudiu tamb\u00e9 de la nostra terrassa enjardinada a l\u2019aire lliure, un espai ideal per relaxar-se i assaborir la nostra selecci\u00f3 de begudes. Per a la vostra comoditat, oferim servei de consigna gratu\u00eft els dies d\u2019entrada i sortida, juntament amb moltes altres comoditats pensades perqu\u00e8 la vostra estada sigui perfecta.<\/p>\n<p>&nbsp;<\/p>\n<p>&nbsp;<\/p>\n<div class=\"container twelve columns special\" style=\"margin-bottom: 20px; padding-left: 15%; padding-right: 15%; margin-left: 0;\">\n<div class=\"row\">\n<div class=\"three columns\" style=\"text-align: center; margin-bottom: 30px;\"><img decoding=\"async\" loading=\"lazy\" class=\"aligncenter\" src=\"https:\/\/lafransatravellers.com\/wp-content\/uploads\/2018\/07\/Parking.svg\" alt=\"\" width=\"60\" height=\"auto\" \/><br \/>\n<strong>Aparcament de pagament o gratu\u00eft segons temporada*<\/strong><\/div>\n<div class=\"three columns\" style=\"text-align: center; margin-bottom: 30px;\"><img decoding=\"async\" loading=\"lazy\" class=\"aligncenter\" src=\"https:\/\/lafransatravellers.com\/wp-content\/uploads\/2018\/07\/Recepc24h.svg\" alt=\"\" width=\"60\" height=\"auto\" \/><br \/>\n<strong>Recepci\u00f3 24h<\/strong><\/div>\n<div class=\"three columns \" style=\"text-align: center; margin-bottom: 30px;\"><img decoding=\"async\" loading=\"lazy\" class=\"aligncenter\" src=\"https:\/\/lafransatravellers.com\/wp-content\/uploads\/2018\/07\/servicio24h.svg\" alt=\"\" width=\"60\" height=\"auto\" \/><br \/>\n<strong>Servei d&#8217;habitacions<br \/>\n7 a.m. &#8211; 2 a.m.<\/strong><\/div>\n<div class=\"three columns\" style=\"text-align: center; margin-bottom: 30px;\"><img decoding=\"async\" loading=\"lazy\" class=\"aligncenter\" src=\"https:\/\/lafransatravellers.com\/wp-content\/uploads\/2018\/07\/Consigna.svg\" alt=\"\" width=\"60\" height=\"auto\" \/><br \/>\n<strong>Consigna el dia d&#8217;entrada\/sortida<br \/>\n<\/strong><\/div>\n<\/div>\n<\/div>\n<div class=\"container twelve columns special\" style=\"margin-bottom: 20px; padding-left: 15%; padding-right: 15%; margin-left: 0;\">\n<div class=\"row\">\n<div class=\"three columns\" style=\"text-align: center; margin-bottom: 30px;\"><img decoding=\"async\" loading=\"lazy\" class=\"aligncenter\" src=\"https:\/\/lafransatravellers.com\/wp-content\/uploads\/2018\/07\/Wifi-Gratuito.svg\" alt=\"\" width=\"60\" height=\"auto\" \/><br \/>\n<strong>WiFi gratu\u00eft<\/strong><\/div>\n<div class=\"three columns\" style=\"text-align: center; ; margin-bottom: 30px;\"><a href=\"https:\/\/lafransatravellers.com\/wp-content\/uploads\/2026\/01\/tetera2-2.png\"><img decoding=\"async\" loading=\"lazy\" class=\"alignnone wp-image-5859\" src=\"https:\/\/lafransatravellers.com\/wp-content\/uploads\/2026\/01\/tetera2-2-300x300.png\" alt=\"\" width=\"60\" height=\"60\" srcset=\"https:\/\/lafransatravellers.com\/wp-content\/uploads\/2026\/01\/tetera2-2-300x300.png 300w, https:\/\/lafransatravellers.com\/wp-content\/uploads\/2026\/01\/tetera2-2-150x150.png 150w, https:\/\/lafransatravellers.com\/wp-content\/uploads\/2026\/01\/tetera2-2.png 512w\" sizes=\"(max-width: 60px) 100vw, 60px\" \/><\/a><br \/>\n<strong>Aigua c\u00edtrica i te<br \/>\na la recepci\u00f3<\/strong><\/div>\n<div class=\"three columns\" style=\"text-align: center; margin-bottom: 30px;\"><img decoding=\"async\" loading=\"lazy\" class=\"aligncenter\" src=\"https:\/\/lafransatravellers.com\/wp-content\/uploads\/2018\/07\/infor-turist.svg\" alt=\"\" width=\"60\" height=\"auto\" \/><br \/>\n<strong>Informaci\u00f3 tur\u00edstica<br \/>\n<\/strong><\/div>\n<div class=\"three columns\" style=\"text-align: center; margin-bottom: 30px;\"><img decoding=\"async\" loading=\"lazy\" class=\"aligncenter\" src=\"https:\/\/lafransatravellers.com\/wp-content\/uploads\/2018\/07\/Taxi.svg\" alt=\"\" width=\"60\" height=\"auto\" \/><br \/>\n<strong>Reserva de taxi<br \/>\na l&#8217;aeroport<br \/>\n<\/strong><\/div>\n<\/div>\n<div>\n<p style=\"padding-right: 5%; padding-left: 5%;\">* Aparcament de pagament de l&#8217;1\/3 al 31\/10 i gratu\u00eft de l&#8217;1\/11 al 28\/2, per a turismes i motos. Vehicles amb mesures especials preguem es posin en contacte amb nosaltres per a confirmar mesures i condicions.<\/p>\n<\/div>\n<\/div>\n","protected":false},"excerpt":{"rendered":"<p>A La Fran\u00e7a Travellers els nostres hostes s\u00f3n el m\u00e9s important. Cuidem fins a l\u2019\u00faltim detall perqu\u00e8 us sentiu com a casa i posem a la vostra disposici\u00f3 una gran varietat de serveis que faran de la vostra estada a l\u2019hotel una experi\u00e8ncia inoblidable. El nostre equip de recepci\u00f3 est\u00e0 disponible les 24 hores per [&hellip;]<\/p>\n","protected":false},"author":2,"featured_media":0,"parent":0,"menu_order":0,"comment_status":"closed","ping_status":"closed","template":"page-fullwith.php","meta":[],"acf":[],"_links":{"self":[{"href":"https:\/\/lafransatravellers.com\/ca\/wp-json\/wp\/v2\/pages\/58"}],"collection":[{"href":"https:\/\/lafransatravellers.com\/ca\/wp-json\/wp\/v2\/pages"}],"about":[{"href":"https:\/\/lafransatravellers.com\/ca\/wp-json\/wp\/v2\/types\/page"}],"author":[{"embeddable":true,"href":"https:\/\/lafransatravellers.com\/ca\/wp-json\/wp\/v2\/users\/2"}],"replies":[{"embeddable":true,"href":"https:\/\/lafransatravellers.com\/ca\/wp-json\/wp\/v2\/comments?post=58"}],"version-history":[{"count":0,"href":"https:\/\/lafransatravellers.com\/ca\/wp-json\/wp\/v2\/pages\/58\/revisions"}],"wp:attachment":[{"href":"https:\/\/lafransatravellers.com\/ca\/wp-json\/wp\/v2\/media?parent=58"}],"curies":[{"name":"wp","href":"https:\/\/api.w.org\/{rel}","templated":true}]}}