{"id":1626,"date":"2015-07-27T15:24:46","date_gmt":"2015-07-27T15:24:46","guid":{"rendered":"https:\/\/lafransatravellers.com\/habitaciones\/"},"modified":"2026-01-21T11:37:50","modified_gmt":"2026-01-21T10:37:50","slug":"zimmer","status":"publish","type":"page","link":"https:\/\/lafransatravellers.com\/de\/zimmer\/","title":{"rendered":"Zimmer"},"content":{"rendered":"<p>Die Zimmer der La Fran\u00e7a Travellers teilen sich eine elegante und romantische Inneneinrichtung mit warmen Farben, die einen angenehmen Aufenthalt garantieren, damit Sie sich nach einem langen Tag in der Stadt ausruhen k\u00f6nnen.<\/p>\n<p>Wir bieten 5 Arten von Zimmern in verschiedenen Kategorien von der Standard bis zur Grand Suite mit whirlpool. Finden Sie diejenige, die am besten zu Ihrem Geschmack und Ihren Bed\u00fcrfnissen passt.<\/p>\n<p>Alle unsere Zimmer bieten folgende Ausstattung und Dienstleistungen:<\/p>\n<div class=\"container twelve columns special\" style=\"margin-bottom: 20px; padding-left: 15%; padding-right: 15%;\">\n<div class=\"row\">\n<div class=\"three columns\" style=\"text-align: center; margin-bottom: 30px;\"><img decoding=\"async\" loading=\"lazy\" class=\"aligncenter\" src=\"https:\/\/lafransatravellers.com\/wp-content\/uploads\/2018\/07\/Cama.svg\" alt=\"\" width=\"60\" height=\"auto\" \/><br \/>\n<strong>Kingsize-Doppelbett<\/strong><\/div>\n<div class=\"three columns\" style=\"text-align: center; margin-left: 0; margin-bottom: 30px;\"><img decoding=\"async\" loading=\"lazy\" class=\"aligncenter\" src=\"https:\/\/lafransatravellers.com\/wp-content\/uploads\/2018\/07\/AireAcondicionado.svg\" alt=\"\" width=\"60\" height=\"auto\" \/><br \/>\n<strong>Klimaanlage und Heizung<\/strong><\/div>\n<div class=\"three columns\" style=\"text-align: center; margin-left: 0; margin-bottom: 30px;\"><img decoding=\"async\" loading=\"lazy\" class=\"aligncenter\" src=\"https:\/\/lafransatravellers.com\/wp-content\/uploads\/2018\/07\/Secador.svg\" alt=\"\" width=\"60\" height=\"auto\" \/><br \/>\n<strong>Haartrockner<\/strong><\/div>\n<div class=\"three columns\" style=\"text-align: center; margin-left: 0; margin-bottom: 30px;\"><img decoding=\"async\" loading=\"lazy\" class=\"aligncenter\" src=\"https:\/\/lafransatravellers.com\/wp-content\/uploads\/2018\/07\/Wi-fi.svg\" alt=\"\" width=\"60\" height=\"auto\" \/><br \/>\n<strong>WiFi<\/strong><\/div>\n<\/div>\n<\/div>\n<div class=\"container twelve columns special\" style=\"margin-bottom: 20px; padding-left: 15%; padding-right: 15%;\">\n<div class=\"row\">\n<div class=\"three columns\" style=\"text-align: center; margin-left: 0; margin-bottom: 30px;\"><img decoding=\"async\" loading=\"lazy\" class=\"aligncenter\" src=\"https:\/\/lafransatravellers.com\/wp-content\/uploads\/2018\/07\/SmartTV.svg\" alt=\"\" width=\"60\" height=\"auto\" \/><br \/>\n<strong>Fernsehen mit internationalen Kan\u00e4len<\/strong><\/div>\n<div class=\"three columns\" style=\"text-align: center; margin-left: 0; margin-bottom: 30px;\"><img decoding=\"async\" loading=\"lazy\" class=\"aligncenter\" src=\"https:\/\/lafransatravellers.com\/wp-content\/uploads\/2018\/07\/Amenities.svg\" alt=\"\" width=\"60\" height=\"auto\" \/><br \/>\n<strong>Annehmlichkeiten im Badezimmer<\/strong><\/div>\n<div class=\"three columns\" style=\"text-align: center; margin-left: 0; margin-bottom: 30px;\"><img decoding=\"async\" loading=\"lazy\" class=\"aligncenter\" src=\"https:\/\/lafransatravellers.com\/wp-content\/uploads\/2018\/07\/Parking.svg\" alt=\"\" width=\"60\" height=\"auto\" \/><br \/>\n<strong>Kostenpflichtige oder kostenlose Parkpl\u00e4tze*<\/strong><\/div>\n<div class=\"three columns\" style=\"text-align: center; margin-left: 0; margin-bottom: 30px;\"><img decoding=\"async\" loading=\"lazy\" class=\"aligncenter\" src=\"https:\/\/lafransatravellers.com\/wp-content\/uploads\/2018\/07\/servicio24h.svg\" alt=\"\" width=\"60\" height=\"auto\" \/><br \/>\n<strong>Zimmerservice<br \/>\n07:00 \u2013 02:00<\/strong><\/div>\n<\/div>\n<div>\n<p style=\"padding-right: 50px;\">* Parkgeb\u00fchrenpflichtig vom 1.3. bis 31.10. und kostenlos vom 1.11. bis 28.2., f\u00fcr Autos und Motorr\u00e4der. F\u00fcr Fahrzeuge mit Sonderabmessungen kontaktieren Sie uns bitte, um die Abmessungen und Bedingungen zu best\u00e4tigen.<\/p>\n<\/div>\n<\/div>\n","protected":false},"excerpt":{"rendered":"<p>Die Zimmer der La Fran\u00e7a Travellers teilen sich eine elegante und romantische Inneneinrichtung mit warmen Farben, die einen angenehmen Aufenthalt garantieren, damit Sie sich nach einem langen Tag in der Stadt ausruhen k\u00f6nnen. Wir bieten 5 Arten von Zimmern in verschiedenen Kategorien von der Standard bis zur Grand Suite mit whirlpool. Finden Sie diejenige, die [&hellip;]<\/p>\n","protected":false},"author":2,"featured_media":0,"parent":0,"menu_order":0,"comment_status":"closed","ping_status":"closed","template":"page-habitaciones.php","meta":[],"acf":[],"_links":{"self":[{"href":"https:\/\/lafransatravellers.com\/de\/wp-json\/wp\/v2\/pages\/1626"}],"collection":[{"href":"https:\/\/lafransatravellers.com\/de\/wp-json\/wp\/v2\/pages"}],"about":[{"href":"https:\/\/lafransatravellers.com\/de\/wp-json\/wp\/v2\/types\/page"}],"author":[{"embeddable":true,"href":"https:\/\/lafransatravellers.com\/de\/wp-json\/wp\/v2\/users\/2"}],"replies":[{"embeddable":true,"href":"https:\/\/lafransatravellers.com\/de\/wp-json\/wp\/v2\/comments?post=1626"}],"version-history":[{"count":0,"href":"https:\/\/lafransatravellers.com\/de\/wp-json\/wp\/v2\/pages\/1626\/revisions"}],"wp:attachment":[{"href":"https:\/\/lafransatravellers.com\/de\/wp-json\/wp\/v2\/media?parent=1626"}],"curies":[{"name":"wp","href":"https:\/\/api.w.org\/{rel}","templated":true}]}}