{"id":2530,"date":"2018-07-17T11:32:47","date_gmt":"2018-07-17T11:32:47","guid":{"rendered":"https:\/\/lafransatravellers.com\/ventajas\/"},"modified":"2026-01-21T12:45:15","modified_gmt":"2026-01-21T11:45:15","slug":"vorteile","status":"publish","type":"page","link":"https:\/\/lafransatravellers.com\/de\/vorteile\/","title":{"rendered":"Vorteile"},"content":{"rendered":"<h5 style=\"text-align: center; font-style: italic; serif; font-weight: 300; color: #726a62; margin-bottom: 40px !important;\">Hier finden Sie die Angebote auf der La Fran\u00e7a Travellers Website, wo wir den besten Preis garantieren.<\/h5>\n<div class=\"container twelve columns\" style=\"margin-bottom: 20px; margin-left: 0;\">\n<div class=\"four columns\" style=\"text-align: center; height: 194px; margin-bottom: 30px; background: url('https:\/\/lafransatravellers.com\/wp-content\/uploads\/2024\/02\/ventajas-la-franca-travellers-1.png') center no-repeat; background-size: 300px 194px;\">\n<p style=\"color: #fff; line-height: 200px; font-size: 20px; background: rgb(0,0,0,0.5); height: 194px;\">\n<\/div>\n<div class=\"four columns\" style=\"text-align: center; height: 194px; margin-bottom: 30px; background: url('https:\/\/lafransatravellers.com\/wp-content\/uploads\/2024\/02\/ventajas-la-franca-travellers-2.png') center no-repeat; background-size: 300px 194px;\">\n<div style=\"color: #fff; padding-top: 25%; font-size: 20px; background: rgb(0,0,0,0.5); height: 194px;\"><strong>10 % Treuerabatt<\/strong><\/div>\n<\/div>\n<div class=\"four columns\" style=\"text-align: center; height: 194px; margin-bottom: 30px; background: url('https:\/\/lafransatravellers.com\/wp-content\/uploads\/2024\/02\/ventajas-la-franca-travellers-3.png') center no-repeat; background-size: 300px 194px;\">\n<div style=\"color: #fff; padding-top: 25%; font-size: 20px; background: rgb(0,0,0,0.5); height: 194px;\"><\/div>\n<\/div>\n<\/div>\n<div class=\"container twelve columns special\" style=\"margin-bottom: 20px; padding-left: 10%; padding-right: 10%;\">\n<div class=\"row\">\n<div class=\"six columns\" style=\"text-align: center; margin-bottom: 30px; padding: 30px;\"><img decoding=\"async\" loading=\"lazy\" class=\"aligncenter\" src=\"https:\/\/lafransatravellers.com\/wp-content\/uploads\/2018\/07\/mejor-precio-garantizado.svg\" alt=\"\" width=\"80\" height=\"auto\" \/><br \/>\nBest Preis garantiert.<br \/>\nWenn Sie einen besseren Preis f\u00fcr Ihre Zimmerkategorie und Datum finden, verbessern wir den Preis.<\/div>\n<div class=\"six columns\" style=\"text-align: center; margin-left: 0; margin-bottom: 30px; padding: 30px;\"><img decoding=\"async\" loading=\"lazy\" class=\"aligncenter\" src=\"https:\/\/lafransatravellers.com\/wp-content\/uploads\/2018\/07\/mod-free-reserva.svg\" alt=\"\" width=\"80\" height=\"auto\" \/><br \/>\n\u00c4nderung des Datums ohne Strafe f\u00fcr Ihre nicht erstattungsf\u00e4hige Reservierung bis 7 Tage vor Ihrer Ankunft, zahlen Sie einfach den Preisunterschied zwischen den 2 Datums sollte dieser h\u00f6her sein.<\/div>\n<\/div>\n<\/div>\n<div class=\"container twelve columns special\" style=\"margin-bottom: 20px; padding-left: 10%; padding-right: 10%;\">\n<div class=\"row\">\n<div class=\"six columns\" style=\"text-align: center; margin-left: 0; margin-bottom: 30px; padding: 30px;\"><img decoding=\"async\" loading=\"lazy\" class=\"aligncenter\" src=\"https:\/\/lafransatravellers.com\/wp-content\/uploads\/2018\/07\/per100.svg\" alt=\"\" width=\"80\" height=\"auto\" \/><br \/>\n10% Rabatt auf Ihre Reservierung<\/div>\n<div class=\"six columns\" style=\"text-align: center; margin-left: 0; margin-bottom: 30px; padding: 30px;\"><img decoding=\"async\" loading=\"lazy\" class=\"aligncenter\" src=\"https:\/\/lafransatravellers.com\/wp-content\/uploads\/2018\/07\/categoria-hab.svg\" alt=\"\" width=\"80\" height=\"auto\" \/><br \/>\nVerf\u00fcgbarkeit aller Zimmerkategorien<\/div>\n<\/div>\n<\/div>\n<div class=\"container twelve columns special\" style=\"margin-bottom: 20px; padding-left: 10%; padding-right: 10%;\">\n<div class=\"row\">\n<div class=\"six columns\" style=\"text-align: center; margin-left: 0; margin-bottom: 30px; padding: 30px;\"><img decoding=\"async\" loading=\"lazy\" class=\"aligncenter\" src=\"https:\/\/lafransatravellers.com\/wp-content\/uploads\/2018\/07\/sin-coste-por-emision.svg\" alt=\"\" width=\"80\" height=\"auto\" \/><br \/>\nKeine Kosten f\u00fcr die Ausstellung von Reservierungen<br \/>\n(ohne Vermittler)<\/div>\n<div class=\"six columns\" style=\"text-align: center; margin-left: 0; margin-bottom: 30px; padding: 30px;\"><img decoding=\"async\" loading=\"lazy\" class=\"aligncenter\" src=\"https:\/\/lafransatravellers.com\/wp-content\/uploads\/2018\/07\/confirm-reserva.svg\" alt=\"\" width=\"80\" height=\"auto\" \/><br \/>\nSofortige Best\u00e4tigung der Reservierung<\/div>\n<\/div>\n<\/div>\n<div class=\"container twelve columns special\" style=\"margin-bottom: 20px; padding-left: 10%; padding-right: 10%;\">\n<div class=\"row\">\n<div class=\"six columns\" style=\"text-align: center; margin-left: 0; margin-bottom: 30px; padding: 30px;\"><img decoding=\"async\" loading=\"lazy\" class=\"aligncenter\" src=\"https:\/\/lafransatravellers.com\/wp-content\/uploads\/2018\/07\/Contacto-directo.svg\" alt=\"\" width=\"80\" height=\"auto\" \/><br \/>\nDirekter Kontakt mit dem Hotelpersonal vor Ihrer Ankunft, um eventuelle Fragen zu kl\u00e4ren<\/div>\n<\/div>\n<\/div>\n","protected":false},"excerpt":{"rendered":"<p>Hier finden Sie die Angebote auf der La Fran\u00e7a Travellers Website, wo wir den besten Preis garantieren. 10 % Treuerabatt Best Preis garantiert. Wenn Sie einen besseren Preis f\u00fcr Ihre Zimmerkategorie und Datum finden, verbessern wir den Preis. \u00c4nderung des Datums ohne Strafe f\u00fcr Ihre nicht erstattungsf\u00e4hige Reservierung bis 7 Tage vor Ihrer Ankunft, zahlen [&hellip;]<\/p>\n","protected":false},"author":4,"featured_media":0,"parent":0,"menu_order":0,"comment_status":"closed","ping_status":"closed","template":"page-fullwith.php","meta":[],"acf":[],"_links":{"self":[{"href":"https:\/\/lafransatravellers.com\/de\/wp-json\/wp\/v2\/pages\/2530"}],"collection":[{"href":"https:\/\/lafransatravellers.com\/de\/wp-json\/wp\/v2\/pages"}],"about":[{"href":"https:\/\/lafransatravellers.com\/de\/wp-json\/wp\/v2\/types\/page"}],"author":[{"embeddable":true,"href":"https:\/\/lafransatravellers.com\/de\/wp-json\/wp\/v2\/users\/4"}],"replies":[{"embeddable":true,"href":"https:\/\/lafransatravellers.com\/de\/wp-json\/wp\/v2\/comments?post=2530"}],"version-history":[{"count":0,"href":"https:\/\/lafransatravellers.com\/de\/wp-json\/wp\/v2\/pages\/2530\/revisions"}],"wp:attachment":[{"href":"https:\/\/lafransatravellers.com\/de\/wp-json\/wp\/v2\/media?parent=2530"}],"curies":[{"name":"wp","href":"https:\/\/api.w.org\/{rel}","templated":true}]}}