{"id":2540,"date":"2018-07-20T11:52:02","date_gmt":"2018-07-20T11:52:02","guid":{"rendered":"https:\/\/lafransatravellers.com\/condiciones-de-reserva\/"},"modified":"2018-08-03T12:01:14","modified_gmt":"2018-08-03T12:01:14","slug":"condiciones-de-reserva","status":"publish","type":"page","link":"https:\/\/lafransatravellers.com\/de\/condiciones-de-reserva\/","title":{"rendered":"Buchungsbedingungen"},"content":{"rendered":"<p><strong>Allgemeine Garantiebestimmungen.<\/strong><\/p>\n<p>Alle Reservierungen m\u00fcssen mit Kreditkarte garantiert werden.<\/p>\n<p>Alle Reservierungen sind nicht r\u00fcckerstattungsf\u00e4hig. Der Gesamtbetrag wird zum Zeitpunkt der Buchung f\u00e4llig.<\/p>\n<p>Wenn Sie stornieren, \u00e4ndern oder nicht im Hotel erscheinen, wird der gesamte Aufenthalt in Rechnung gestellt, da es sich um einen &#8222;nicht r\u00fcckerstattungsf\u00e4hig &#8220; Preis \/ Buchung handelt<\/p>\n<p>Sie k\u00f6nnen eine kostenlose Termin\u00e4nderung bis zu 7 Tage vor Ihrer Ankunft beantragen.<\/p>\n<p>&nbsp;<\/p>\n<p><strong>Weitere Informationen von Interesse:<\/strong><\/p>\n<ul>\n<li>* Hotel f\u00fcr Erwachsene.<\/li>\n<li>* Check-in: ab 14:00 Uhr.<\/li>\n<li>* Check-out: vor 12:00 Uhr.<\/li>\n<li>* Haustiere sind nicht erlaubt.<\/li>\n<li>* Steuern: 10% Mehrwertsteuer ist in unseren Preisen enthalten.<\/li>\n<li>* Citytax: Die Citytax ist NICHT im Preis inbegriffen. Preis pro Nacht und Person:  0,72 \u20ac.<\/li>\n<\/ul>\n","protected":false},"excerpt":{"rendered":"<p>Allgemeine Garantiebestimmungen. Alle Reservierungen m\u00fcssen mit Kreditkarte garantiert werden. Alle Reservierungen sind nicht r\u00fcckerstattungsf\u00e4hig. Der Gesamtbetrag wird zum Zeitpunkt der Buchung f\u00e4llig. Wenn Sie stornieren, \u00e4ndern oder nicht im Hotel erscheinen, wird der gesamte Aufenthalt in Rechnung gestellt, da es sich um einen &#8222;nicht r\u00fcckerstattungsf\u00e4hig &#8220; Preis \/ Buchung handelt Sie k\u00f6nnen eine kostenlose Termin\u00e4nderung [&hellip;]<\/p>\n","protected":false},"author":4,"featured_media":0,"parent":0,"menu_order":0,"comment_status":"closed","ping_status":"closed","template":"page-fullwith.php","meta":[],"acf":[],"_links":{"self":[{"href":"https:\/\/lafransatravellers.com\/de\/wp-json\/wp\/v2\/pages\/2540"}],"collection":[{"href":"https:\/\/lafransatravellers.com\/de\/wp-json\/wp\/v2\/pages"}],"about":[{"href":"https:\/\/lafransatravellers.com\/de\/wp-json\/wp\/v2\/types\/page"}],"author":[{"embeddable":true,"href":"https:\/\/lafransatravellers.com\/de\/wp-json\/wp\/v2\/users\/4"}],"replies":[{"embeddable":true,"href":"https:\/\/lafransatravellers.com\/de\/wp-json\/wp\/v2\/comments?post=2540"}],"version-history":[{"count":0,"href":"https:\/\/lafransatravellers.com\/de\/wp-json\/wp\/v2\/pages\/2540\/revisions"}],"wp:attachment":[{"href":"https:\/\/lafransatravellers.com\/de\/wp-json\/wp\/v2\/media?parent=2540"}],"curies":[{"name":"wp","href":"https:\/\/api.w.org\/{rel}","templated":true}]}}