{"id":2541,"date":"2015-07-27T15:26:42","date_gmt":"2015-07-27T15:26:42","guid":{"rendered":"https:\/\/lafransatravellers.com\/localizacion\/"},"modified":"2018-09-20T08:41:03","modified_gmt":"2018-09-20T08:41:03","slug":"lage","status":"publish","type":"page","link":"https:\/\/lafransatravellers.com\/de\/lage\/","title":{"rendered":"Lage"},"content":{"rendered":"<div class=\"ubicacion\">\n<style type=\"text\/css\" id=\"gmpMapStyles_1_69172\">\n\t#google_map_easy_1_69172 {\n        width: 100%;\n        height: 400px;\n\t\t\t\t\t\t    }\n\t#gmapControlsNum_1_69172 {\n\t\twidth:100%\t}\n\t.gmpMapDetailsContainer#gmpMapDetailsContainer_1_69172 {\n\t\theight:400px;\n\t}\n\t.gmp_MapPreview#google_map_easy_1_69172 {\n\t\t\/*position:absolute;*\/\n\t\twidth: 100%;\n\t}\n\t#mapConElem_1_69172{\n\t\twidth: 100%\t}\n    .gm-style .gm-style-iw-c{\n        padding: 12px!important;\n    }\n\t    <\/style>\n <div class=\"gmp_map_opts\" id=\"mapConElem_1_69172\" data-id=\"1\" data-view-id=\"1_69172\" > <div class=\"gmpMapDetailsContainer\" id=\"gmpMapDetailsContainer_1_69172\"> <i class=\"gmpKMLLayersPreloader fa fa-spinner fa-spin\" aria-hidden=\"true\" style=\"display: none;\"><\/i> <div class=\"gmp_MapPreview \" id=\"google_map_easy_1_69172\"><\/div> <\/div> <div class=\"gmpMapMarkerFilters\" id=\"gmpMapMarkerFilters_1_69172\"> <\/div> <div class=\"gmpMapProControlsCon\" id=\"gmpMapProControlsCon_1_69172\"> <\/div> <div class=\"gmpMapProDirectionsCon\" id=\"gmpMapProDirectionsCon_1_69172\" > <\/div> <div class=\"gmpMapProKmlFilterCon\" id=\"gmpMapProKmlFilterCon_1_69172\" > <\/div> <div class=\"gmpSocialSharingShell gmpSocialSharingShell_1_69172\"> <\/div> <div style=\"clear: both;\"><\/div> <\/div> \n<p>&nbsp;<\/p>\n<p style=\"text-align: center;\">C\/ La Fran\u00e7a Xica 38 &#8211; Barcelona 08004 &#8211; <a href=\"tel:+34934231417\">934 231 417<\/a><\/p>\n<p style=\"text-align: center;\"><a href=\"https:\/\/goo.gl\/maps\/RtjLKVXyTUr\" target=\"_blank\" rel=\"noopener\">SIEHE IN GOOGLE MAPS<\/a><\/p>\n<h2>Wie man dorthin kommt<\/h2>\n<\/div>\n<p><strong>\u00d6ffentliche Verkehrsmittel<\/strong><\/p>\n<p><strong>U-Bahn<\/strong>: Die n\u00e4chste Metrostation ist Poblesec (Linie 3), die 5 Gehminuten entfernt liegt, und die Plaza Espa\u00f1a (Linie 1), die in 10 Gehminuten erreichbar ist.<\/p>\n<p><strong>Bus<\/strong>: Die Busse die neben dem Hotel halten sind 55 und 121. Die Haltestellen der D20, der L70, L72, H12 sind ein 10-min\u00fctigen Spaziergang entfernt.<\/p>\n<p><strong>Touristenbus<\/strong>: Die n\u00e4chste Haltestelle des Hotels befindet sich in der N\u00e4he des Magischen Brunnens (rote Route) und ist nur 5 Gehminuten vom Hotel entfernt.<\/p>\n<p>&nbsp;<\/p>\n<p><strong>Flughafen Barcelona &#8211; El Prat<\/strong><\/p>\n<p><strong>Zug<\/strong>: Der RENFE Zug kann vom Barcelona Flughafen Terminal 2 genommen werden und bringt Sie zum Hauptbahnhof Sants. Von dort aus nehmen Sie die Linie 3 der U-Bahn, die Sie nach Poblesec bringt und nur einige Gehminuten Minuten vom Hotel entfernt ist.<\/p>\n<p>Vom T1 gibt es einen kostenlosen Shuttlebus, der Sie zum T2 bringt.<\/p>\n<p>Preis: Einzelticket 2,20 \u20ac pro Person<\/p>\n<p>Ungef\u00e4hre Zeit: 35 Minuten<\/p>\n<p><strong>Aerob\u00fas<\/strong>: Den Aerob\u00fas kann von den zwei Terminals genommen werden und bringt Sie zur Plaza de Espa\u00f1a. Von dort sind wir 10 Minuten zu Fu\u00df entfernt, indem Sie einen sch\u00f6nen Spaziergang machen, oder Sie haben die Linie 3 der U-Bahn, die Sie nach Poblesec (1 Haltestelle) bringt.<\/p>\n<p>Preis: 5,90 \u20ac pro Person<\/p>\n<p>Ungef\u00e4hre Zeit: 40 Minuten<\/p>\n<p><strong>Taxi<\/strong>: An beiden Terminals gibt es Haltestellen.<\/p>\n<p>Ungef\u00e4hrer Preis: 35 \u20ac<\/p>\n<p>Ungef\u00e4hre Zeit: 20 Minuten<\/p>\n<p><strong>U-Bahn<\/strong>: Linie 9 S\u00fcd ist von beiden Terminals aus erreichbar und bringt Sie zur Station der Universit\u00e4t. Von dort aus haben Sie die Linie 3 der U-Bahn, wo Sie am Ubahnstation Poblesec aussteigen sollten.<\/p>\n<p>Preis: 4,60 \u20ac<\/p>\n<p>Ungef\u00e4hre Zeit: 55 Minuten<\/p>\n","protected":false},"excerpt":{"rendered":"<p>&nbsp; C\/ La Fran\u00e7a Xica 38 &#8211; Barcelona 08004 &#8211; 934 231 417 SIEHE IN GOOGLE MAPS Wie man dorthin kommt \u00d6ffentliche Verkehrsmittel U-Bahn: Die n\u00e4chste Metrostation ist Poblesec (Linie 3), die 5 Gehminuten entfernt liegt, und die Plaza Espa\u00f1a (Linie 1), die in 10 Gehminuten erreichbar ist. Bus: Die Busse die neben dem Hotel [&hellip;]<\/p>\n","protected":false},"author":2,"featured_media":0,"parent":0,"menu_order":0,"comment_status":"closed","ping_status":"closed","template":"page-fullwith.php","meta":[],"acf":[],"_links":{"self":[{"href":"https:\/\/lafransatravellers.com\/de\/wp-json\/wp\/v2\/pages\/2541"}],"collection":[{"href":"https:\/\/lafransatravellers.com\/de\/wp-json\/wp\/v2\/pages"}],"about":[{"href":"https:\/\/lafransatravellers.com\/de\/wp-json\/wp\/v2\/types\/page"}],"author":[{"embeddable":true,"href":"https:\/\/lafransatravellers.com\/de\/wp-json\/wp\/v2\/users\/2"}],"replies":[{"embeddable":true,"href":"https:\/\/lafransatravellers.com\/de\/wp-json\/wp\/v2\/comments?post=2541"}],"version-history":[{"count":0,"href":"https:\/\/lafransatravellers.com\/de\/wp-json\/wp\/v2\/pages\/2541\/revisions"}],"wp:attachment":[{"href":"https:\/\/lafransatravellers.com\/de\/wp-json\/wp\/v2\/media?parent=2541"}],"curies":[{"name":"wp","href":"https:\/\/api.w.org\/{rel}","templated":true}]}}