{"id":2589,"date":"2016-03-19T12:56:34","date_gmt":"2016-03-19T12:56:34","guid":{"rendered":"https:\/\/lafransatravellers.com\/proposition\/"},"modified":"2018-09-20T08:37:37","modified_gmt":"2018-09-20T08:37:37","slug":"vorschlage","status":"publish","type":"page","link":"https:\/\/lafransatravellers.com\/de\/vorschlage\/","title":{"rendered":"Vorschl\u00e4ge"},"content":{"rendered":"<h5 style=\"text-align: center; font-style: italic; serif; font-weight: 300; color: #726a62; margin-bottom: 40px !important;\">Dank unserer au\u00dfergew\u00f6hnlichen Lage k\u00f6nnen Sie die wichtigsten touristischen und kulturellen Sehensw\u00fcrdigkeiten bequem erreichen.<br \/>\nFinden Sie hier die besten Angebote Barcelonas.<\/h5>\n","protected":false},"excerpt":{"rendered":"<p>Dank unserer au\u00dfergew\u00f6hnlichen Lage k\u00f6nnen Sie die wichtigsten touristischen und kulturellen Sehensw\u00fcrdigkeiten bequem erreichen. Finden Sie hier die besten Angebote Barcelonas.<\/p>\n","protected":false},"author":2,"featured_media":0,"parent":0,"menu_order":0,"comment_status":"closed","ping_status":"closed","template":"page-propuestas.php","meta":[],"acf":[],"_links":{"self":[{"href":"https:\/\/lafransatravellers.com\/de\/wp-json\/wp\/v2\/pages\/2589"}],"collection":[{"href":"https:\/\/lafransatravellers.com\/de\/wp-json\/wp\/v2\/pages"}],"about":[{"href":"https:\/\/lafransatravellers.com\/de\/wp-json\/wp\/v2\/types\/page"}],"author":[{"embeddable":true,"href":"https:\/\/lafransatravellers.com\/de\/wp-json\/wp\/v2\/users\/2"}],"replies":[{"embeddable":true,"href":"https:\/\/lafransatravellers.com\/de\/wp-json\/wp\/v2\/comments?post=2589"}],"version-history":[{"count":0,"href":"https:\/\/lafransatravellers.com\/de\/wp-json\/wp\/v2\/pages\/2589\/revisions"}],"wp:attachment":[{"href":"https:\/\/lafransatravellers.com\/de\/wp-json\/wp\/v2\/media?parent=2589"}],"curies":[{"name":"wp","href":"https:\/\/api.w.org\/{rel}","templated":true}]}}