{"id":2590,"date":"2015-07-27T15:25:04","date_gmt":"2015-07-27T15:25:04","guid":{"rendered":"https:\/\/lafransatravellers.com\/services\/"},"modified":"2026-01-21T11:37:18","modified_gmt":"2026-01-21T10:37:18","slug":"dienstleistungen","status":"publish","type":"page","link":"https:\/\/lafransatravellers.com\/de\/dienstleistungen\/","title":{"rendered":"Dienstleistungen"},"content":{"rendered":"<p>Im <strong>La Fran\u00e7a Travellers<\/strong> stehen unsere G\u00e4ste an erster Stelle. Wir achten auf jedes Detail, damit Sie sich wie zu Hause f\u00fchlen, und bieten eine gro\u00dfe Auswahl an Services, die Ihren Aufenthalt im Hotel zu einem unvergesslichen Erlebnis machen.<\/p>\n<p>Unser Empfangsteam steht Ihnen rund um die Uhr zur Verf\u00fcgung, um alle Ihre W\u00fcnsche zu erf\u00fcllen. Sie k\u00f6nnen den Zimmerservice von 07:00 bis 02:00 Uhr nutzen und sich mit unserem kostenlosen WLAN im gesamten Hotel verbinden. Wir verf\u00fcgen \u00fcber eigene Parkpl\u00e4tze f\u00fcr Autos und Motorr\u00e4der, kostenpflichtig oder kostenlos je nach Saison, im selben Geb\u00e4ude. Genie\u00dfen Sie auch unsere begr\u00fcnte Au\u00dfenterrasse, ein idealer Ort zum Entspannen und um unsere Getr\u00e4nkeauswahl zu genie\u00dfen. F\u00fcr zus\u00e4tzlichen Komfort bieten wir einen kostenlosen Gep\u00e4ckservice an An- und Abreisetagen sowie viele weitere Annehmlichkeiten, damit Ihr Aufenthalt perfekt wird.<\/p>\n<p>&nbsp;<\/p>\n<p>&nbsp;<\/p>\n<div class=\"container twelve columns special\" style=\"margin-bottom: 20px; padding-left: 15%; padding-right: 15%; margin-left: 0;\">\n<div class=\"row\">\n<div class=\"three columns\" style=\"text-align: center; margin-bottom: 30px;\"><img decoding=\"async\" loading=\"lazy\" class=\"aligncenter\" src=\"https:\/\/lafransatravellers.com\/wp-content\/uploads\/2018\/07\/Parking.svg\" alt=\"\" width=\"60\" height=\"auto\" \/><br \/>\n<strong>Kostenpflichtige oder kostenlose Parkpl\u00e4tze je nach Saison*<\/strong><\/div>\n<div class=\"three columns\" style=\"text-align: center; margin-bottom: 30px;\"><img decoding=\"async\" loading=\"lazy\" class=\"aligncenter\" src=\"https:\/\/lafransatravellers.com\/wp-content\/uploads\/2018\/07\/Recepc24h.svg\" alt=\"\" width=\"60\" height=\"auto\" \/><br \/>\n<strong>24-Stunden-Rezeption<\/strong><\/div>\n<div class=\"three columns \" style=\"text-align: center; margin-bottom: 30px;\"><img decoding=\"async\" loading=\"lazy\" class=\"aligncenter\" src=\"https:\/\/lafransatravellers.com\/wp-content\/uploads\/2018\/07\/servicio24h.svg\" alt=\"\" width=\"60\" height=\"auto\" \/><br \/>\n<strong>Zimmerservice<br \/>\n07:00 &#8211; 02:00<\/strong><\/div>\n<div class=\"three columns\" style=\"text-align: center; margin-bottom: 30px;\"><img decoding=\"async\" loading=\"lazy\" class=\"aligncenter\" src=\"https:\/\/lafransatravellers.com\/wp-content\/uploads\/2018\/07\/Consigna.svg\" alt=\"\" width=\"60\" height=\"auto\" \/><br \/>\n<strong>Schlie\u00dff\u00e4cher An- und Abreisetagen<br \/>\n<\/strong><\/div>\n<\/div>\n<\/div>\n<div class=\"container twelve columns special\" style=\"margin-bottom: 20px; padding-left: 15%; padding-right: 15%; margin-left: 0;\">\n<div class=\"row\">\n<div class=\"three columns\" style=\"text-align: center; margin-bottom: 30px;\"><img decoding=\"async\" loading=\"lazy\" class=\"aligncenter\" src=\"https:\/\/lafransatravellers.com\/wp-content\/uploads\/2018\/07\/Wifi-Gratuito.svg\" alt=\"\" width=\"60\" height=\"auto\" \/><br \/>\n<strong>Kostenloses WLAN<\/strong><\/div>\n<div class=\"three columns\" style=\"text-align: center; ; margin-bottom: 30px;\"><a href=\"https:\/\/lafransatravellers.com\/wp-content\/uploads\/2026\/01\/tetera2-2.png\"><img decoding=\"async\" loading=\"lazy\" class=\"alignnone wp-image-5862\" src=\"https:\/\/lafransatravellers.com\/wp-content\/uploads\/2026\/01\/tetera2-2-300x300.png\" alt=\"\" width=\"60\" height=\"60\" srcset=\"https:\/\/lafransatravellers.com\/wp-content\/uploads\/2026\/01\/tetera2-2-300x300.png 300w, https:\/\/lafransatravellers.com\/wp-content\/uploads\/2026\/01\/tetera2-2-150x150.png 150w, https:\/\/lafransatravellers.com\/wp-content\/uploads\/2026\/01\/tetera2-2.png 512w\" sizes=\"(max-width: 60px) 100vw, 60px\" \/><\/a><br \/>\n<strong>Zitronenwasser und Tee an der Rezeption<\/strong><\/div>\n<div class=\"three columns\" style=\"text-align: center; margin-bottom: 30px;\"><img decoding=\"async\" loading=\"lazy\" class=\"aligncenter\" src=\"https:\/\/lafransatravellers.com\/wp-content\/uploads\/2018\/07\/infor-turist.svg\" alt=\"\" width=\"60\" height=\"auto\" \/><br \/>\n<strong>Touristeninformation<br \/>\n<\/strong><\/div>\n<div class=\"three columns\" style=\"text-align: center; margin-bottom: 30px;\"><img decoding=\"async\" loading=\"lazy\" class=\"aligncenter\" src=\"https:\/\/lafransatravellers.com\/wp-content\/uploads\/2018\/07\/Taxi.svg\" alt=\"\" width=\"60\" height=\"auto\" \/><br \/>\n<strong>Reservierung von Taxis zum Flughafen<br \/>\n<\/strong><\/div>\n<\/div>\n<div>\n<p style=\"padding-right: 50px;\">* Parkgeb\u00fchrenpflichtig vom 1.3. bis 31.10. und kostenlos vom 1.11. bis 28.2., f\u00fcr Autos und Motorr\u00e4der. F\u00fcr Fahrzeuge mit Sonderabmessungen kontaktieren Sie uns bitte, um die Abmessungen und Bedingungen zu best\u00e4tigen.<\/p>\n<\/div>\n<\/div>\n","protected":false},"excerpt":{"rendered":"<p>Im La Fran\u00e7a Travellers stehen unsere G\u00e4ste an erster Stelle. Wir achten auf jedes Detail, damit Sie sich wie zu Hause f\u00fchlen, und bieten eine gro\u00dfe Auswahl an Services, die Ihren Aufenthalt im Hotel zu einem unvergesslichen Erlebnis machen. Unser Empfangsteam steht Ihnen rund um die Uhr zur Verf\u00fcgung, um alle Ihre W\u00fcnsche zu erf\u00fcllen. [&hellip;]<\/p>\n","protected":false},"author":2,"featured_media":0,"parent":0,"menu_order":0,"comment_status":"closed","ping_status":"closed","template":"page-fullwith.php","meta":[],"acf":[],"_links":{"self":[{"href":"https:\/\/lafransatravellers.com\/de\/wp-json\/wp\/v2\/pages\/2590"}],"collection":[{"href":"https:\/\/lafransatravellers.com\/de\/wp-json\/wp\/v2\/pages"}],"about":[{"href":"https:\/\/lafransatravellers.com\/de\/wp-json\/wp\/v2\/types\/page"}],"author":[{"embeddable":true,"href":"https:\/\/lafransatravellers.com\/de\/wp-json\/wp\/v2\/users\/2"}],"replies":[{"embeddable":true,"href":"https:\/\/lafransatravellers.com\/de\/wp-json\/wp\/v2\/comments?post=2590"}],"version-history":[{"count":0,"href":"https:\/\/lafransatravellers.com\/de\/wp-json\/wp\/v2\/pages\/2590\/revisions"}],"wp:attachment":[{"href":"https:\/\/lafransatravellers.com\/de\/wp-json\/wp\/v2\/media?parent=2590"}],"curies":[{"name":"wp","href":"https:\/\/api.w.org\/{rel}","templated":true}]}}