{"id":2649,"date":"2015-09-21T09:52:31","date_gmt":"2015-09-21T09:52:31","guid":{"rendered":"https:\/\/lafransatravellers.com\/politica-de-cookies\/"},"modified":"2020-11-25T12:03:19","modified_gmt":"2020-11-25T12:03:19","slug":"cookie-richtlinie","status":"publish","type":"page","link":"https:\/\/lafransatravellers.com\/de\/cookie-richtlinie\/","title":{"rendered":"Cookie Richtlinie"},"content":{"rendered":"<p>In \u00dcbereinstimmung mit den Bestimmungen des Artikels 22 Absatz 2 des Gesetz es 34\/2002 vom 11. Juli 2002 \u00fcber die Dienste der Informationsgesellschaft und den elektronischen Gesch\u00e4ftsverkehr, soll die vorliegende Cookie- Politik Sie klar und pr\u00e4z ise \u00fcber die auf LA FRAN\u00c7A TRAVELLERS verwendeten Cookies informieren.<\/p>\n<h3><strong>Was sind Cookies?<\/strong><\/h3>\n<p>Ein Cookie ist eine kleine Datei, die Websites an Ihren Browser senden und auf Ihren Computer herunterladen. Cookies erm\u00f6glichen es der Website, Informationen \u00fcber Ihren Besuch z u speichern und abz urufen, wie z. B. Ihre bevorz ugte Sprache und andere Optionen, um die angebotenen Dienstleistungen z u verbessern und z u einem besseren Surf- Erlebnis f\u00fcr den Benutz er beiz utragen.<\/p>\n<h3><strong>Arten von Cookies<\/strong><\/h3>\n<p>Je nachdem, wer die Dom\u00e4ne verwaltet, von der die Cookies gesendet und die Daten verarbeitet werden, wird z wischen eigenen Cookies und Cookies von Dritten unterschieden.<\/p>\n<p>Cookies k\u00f6nnen auch nach der Dauer ihrer Speicherung im Browser des Benutz ers klassifiz iert werden, wobei z wischen Session- Cookies und persistenten Cookies unterschieden wird.<\/p>\n<p>Schlie\u00dflich k\u00f6nnen Cookies je nach dem Zweck, z u dem die gesammelten Informationen verarbeitet werden, in die folgenden Kategorien eingeteilt werden:<\/p>\n<ul>\n<li>Technische Cookies: Sie erm\u00f6glichen es dem Benutz er, durch eine Website z u navigieren und einige der von ihr angebotenen Dienstleistungen z u nutz en (z .B. diejenigen, die daz u dienen, sich an die Elemente z u erinnern, aus denen ein Warenkorb besteht).<\/li>\n<li>Personalisierungs- Cookies: Sie erm\u00f6glichen dem Benutz er den Zugang z ur Website mit bestimmten Merkmalen, wie z.B. der Sprache.<\/li>\n<li>Sicherheits- Cookies: Sie dienen daz u, Angriffe auf die Website z u verhindern oder z u behindern.<\/li>\n<li>Plug- in- Cookies f\u00fcr den Austausch von soz ialen Inhalten: so genannte Plug- ins, die die gemeinsame Nutz ung von Inhalten in soz ialen Netz werken erm\u00f6glichen.<\/li>\n<li>Analyse- Cookies: Sie erm\u00f6glichen es der verantwortlichen Person, das Verhalten des Benutz ers z u verfolgen.<\/li>\n<li>Werbe- Cookies: Sie erm\u00f6glichen die Verwaltung der Werbefl\u00e4chen auf der Website.<\/li>\n<li>Verhaltensbasierte Werbe- Cookies: Wie die vorherigen werden sie z ur Verwaltung der Werbefl\u00e4chen der Website auf der Grundlage der gesammelten Informationen \u00fcber das Verhalten und die Gewohnheiten des Benutz ers verwendet, wobei die Werbung an das Profil des Benutz ers angepasst wird.<\/li>\n<li>Geolokalisierungs- Cookies: Sie werden verwendet, um das Land herausz ufinden, in dem sich der Benutz er befindet.<\/li>\n<\/ul>\n<h3><strong>Genehmigung f\u00fcr die Verwendung von Cookies<\/strong><\/h3>\n<p>Gem\u00e4\u00df der Cookie- Bekanntmachung auf der Website kann der Benutz er der Verwendung von z ustimmungspflichtigen Cookies ausdr\u00fccklich<\/p>\n<p>z ustimmen; die Verwendung technischer oder notwendiger Cookies erfordert jedoch keine Zustimmung. Ungeachtet dessen kann der Benutz er die Konfiguration seines Browsers \u00e4ndern, um die Verwendung von Cookies abz ulehnen.<\/p>\n<h3><strong>Wie Sie Ihre Cookie &#8211; Einstellungen \u00e4ndern k\u00f6nne<\/strong><\/h3>\n<p>Sie k\u00f6nnen Cookies von LA FRAN\u00c7A TRAVELLERS oder jeder anderen Website \u00fcber Ihren Browser einschr\u00e4nken, blockieren oder l\u00f6schen. Jeder Browser ist anders. Wie Sie dies tun, erfahren Sie im Hilfemen\u00fc Ihres Browsers, in dem das Verfahren z um L\u00f6schen eingestellt ist. F\u00fcr weitere Informationen:<\/p>\n<ul>\n<li>Google Chrome:<\/li>\n<\/ul>\n<p><a href=\"https:\/\/support.google.com\/chrome\/answer\/95647?co=GENIE.Platform%3DDesktopl=es\">https:\/\/support.google.com\/chrome\/answer\/95647?co=GENIE.Platform%3DDesktopl=es<\/a><\/p>\n<ul>\n<li>Mozilla Firefox:<\/li>\n<\/ul>\n<p><a href=\"https:\/\/support.moz illa.org\/es\/kb\/habilitar- y- deshabilitar- cookies- sitios- web- rastrear- preferencias\">https:\/\/support.moz illa.org\/es\/kb\/habilitar- y- deshabilitar- cookies- sitios- web- rastrear- preferencias<\/a><\/p>\n<ul>\n<li>Safari:<\/li>\n<\/ul>\n<p><a href=\"https:\/\/support.apple.com\/guide\/safari\/sfri11471\/mac\">https:\/\/support.apple.com\/guide\/safari\/sfri11471\/mac<\/a><\/p>\n<ul>\n<li>Internet Explorer:<\/li>\n<\/ul>\n<p><a href=\"https:\/\/support.microsoft.com\/help\/278835\/how- to- delete- cookie- files- in- internet- explorer\">https:\/\/support.microsoft.com\/help\/278835\/how- to- delete- cookie- files- in- internet- explorer<\/a><\/p>\n<p>Die Deaktivierung von Cookies kann daz u f\u00fchren, dass die Website nicht mehr funktioniert oder dass Sie auf bestimmte Funktionen der Website nicht mehr z ugreifen k\u00f6nnen.<\/p>\n<h3><strong>Aufder We bsite ve rwe nde te Cookies<\/strong><\/h3>\n<p>Das Webportal verwendet verschiedene Arten von Cookies f\u00fcr unterschiedliche Zwecke. Nachfolgend finden Sie eine Liste der verwendeten<\/p>\n<table class=\"wp-block-table tabla-cookies-2\" border=\"1px solid grey\">\n<tbody>\n<tr>\n<td><\/td>\n<td>Cookies propias<\/td>\n<td>Cookies de tercero<\/td>\n<td>Cookies de sesi\u00f3n<\/td>\n<td>Cookies persistentes<\/td>\n<\/tr>\n<tr>\n<td>Technical cookies<\/td>\n<td>\u00a0x<\/td>\n<td>\u00a0x<\/td>\n<td>\u00a0x<\/td>\n<td><\/td>\n<\/tr>\n<tr>\n<td>Personalization cookies<\/td>\n<td>\u00a0x<\/td>\n<td><\/td>\n<td>\u00a0x<\/td>\n<td>\u00a0x<\/td>\n<\/tr>\n<tr>\n<td>Analysis Cookies<\/td>\n<td><\/td>\n<td>\u00a0x<\/td>\n<td>\u00a0x<\/td>\n<td>\u00a0x<\/td>\n<\/tr>\n<tr>\n<td>Advertising cookies<\/td>\n<td><\/td>\n<td>\u00a0x<\/td>\n<td>\u00a0x<\/td>\n<td>\u00a0x<\/td>\n<\/tr>\n<tr>\n<td>Behavioral advertising cookies<\/td>\n<td><\/td>\n<td><\/td>\n<td><\/td>\n<td><\/td>\n<\/tr>\n<\/tbody>\n<\/table>\n<p>LA FRAN\u00c7A TRAVELLERS beh\u00e4lt sich ausdr\u00fccklich das Recht vor, diese Cookie- Richtlinie ganz oder teilweise ohne vorherige Ank\u00fcndigung einseitig z u \u00e4ndern. Sie erkennen an und stimmen z u, dass es in Ihrer Verantwortung liegt, diese Cookie- Richtlinie z u \u00fcberpr\u00fcfen.<\/p>\n","protected":false},"excerpt":{"rendered":"<p>In \u00dcbereinstimmung mit den Bestimmungen des Artikels 22 Absatz 2 des Gesetz es 34\/2002 vom 11. Juli 2002 \u00fcber die Dienste der Informationsgesellschaft und den elektronischen Gesch\u00e4ftsverkehr, soll die vorliegende Cookie- Politik Sie klar und pr\u00e4z ise \u00fcber die auf LA FRAN\u00c7A TRAVELLERS verwendeten Cookies informieren. Was sind Cookies? Ein Cookie ist eine kleine Datei, [&hellip;]<\/p>\n","protected":false},"author":2,"featured_media":0,"parent":0,"menu_order":0,"comment_status":"closed","ping_status":"closed","template":"page-fullwith.php","meta":[],"acf":[],"_links":{"self":[{"href":"https:\/\/lafransatravellers.com\/de\/wp-json\/wp\/v2\/pages\/2649"}],"collection":[{"href":"https:\/\/lafransatravellers.com\/de\/wp-json\/wp\/v2\/pages"}],"about":[{"href":"https:\/\/lafransatravellers.com\/de\/wp-json\/wp\/v2\/types\/page"}],"author":[{"embeddable":true,"href":"https:\/\/lafransatravellers.com\/de\/wp-json\/wp\/v2\/users\/2"}],"replies":[{"embeddable":true,"href":"https:\/\/lafransatravellers.com\/de\/wp-json\/wp\/v2\/comments?post=2649"}],"version-history":[{"count":0,"href":"https:\/\/lafransatravellers.com\/de\/wp-json\/wp\/v2\/pages\/2649\/revisions"}],"wp:attachment":[{"href":"https:\/\/lafransatravellers.com\/de\/wp-json\/wp\/v2\/media?parent=2649"}],"curies":[{"name":"wp","href":"https:\/\/api.w.org\/{rel}","templated":true}]}}