{"id":268,"date":"2015-07-27T15:26:42","date_gmt":"2015-07-27T15:26:42","guid":{"rendered":"https:\/\/lafransatravellers.com\/en\/localizacion\/"},"modified":"2018-08-30T06:26:06","modified_gmt":"2018-08-30T06:26:06","slug":"location","status":"publish","type":"page","link":"https:\/\/lafransatravellers.com\/en\/location\/","title":{"rendered":"Location"},"content":{"rendered":"<div class=\"ubicacion\">\n<style type=\"text\/css\" id=\"gmpMapStyles_1_37613\">\n\t#google_map_easy_1_37613 {\n        width: 100%;\n        height: 400px;\n\t\t\t\t\t\t    }\n\t#gmapControlsNum_1_37613 {\n\t\twidth:100%\t}\n\t.gmpMapDetailsContainer#gmpMapDetailsContainer_1_37613 {\n\t\theight:400px;\n\t}\n\t.gmp_MapPreview#google_map_easy_1_37613 {\n\t\t\/*position:absolute;*\/\n\t\twidth: 100%;\n\t}\n\t#mapConElem_1_37613{\n\t\twidth: 100%\t}\n    .gm-style .gm-style-iw-c{\n        padding: 12px!important;\n    }\n\t    <\/style>\n <div class=\"gmp_map_opts\" id=\"mapConElem_1_37613\" data-id=\"1\" data-view-id=\"1_37613\" > <div class=\"gmpMapDetailsContainer\" id=\"gmpMapDetailsContainer_1_37613\"> <i class=\"gmpKMLLayersPreloader fa fa-spinner fa-spin\" aria-hidden=\"true\" style=\"display: none;\"><\/i> <div class=\"gmp_MapPreview \" id=\"google_map_easy_1_37613\"><\/div> <\/div> <div class=\"gmpMapMarkerFilters\" id=\"gmpMapMarkerFilters_1_37613\"> <\/div> <div class=\"gmpMapProControlsCon\" id=\"gmpMapProControlsCon_1_37613\"> <\/div> <div class=\"gmpMapProDirectionsCon\" id=\"gmpMapProDirectionsCon_1_37613\" > <\/div> <div class=\"gmpMapProKmlFilterCon\" id=\"gmpMapProKmlFilterCon_1_37613\" > <\/div> <div class=\"gmpSocialSharingShell gmpSocialSharingShell_1_37613\"> <\/div> <div style=\"clear: both;\"><\/div> <\/div> \n<p>&nbsp;<\/p>\n<p style=\"text-align: center;\">C\/ La Fran\u00e7a Xica 38 &#8211; Barcelona 08004 &#8211; <a href=\"tel:+34934231417\">934 231 417<\/a><\/p>\n<p style=\"text-align: center;\"><a href=\"https:\/\/goo.gl\/maps\/RtjLKVXyTUr\" target=\"_blank\" rel=\"noopener\">SEE IN GOOGLE MAPS<\/a><\/p>\n<h2>How to get<\/h2>\n<\/div>\n<p><strong>Public transport<\/strong><\/p>\n<p><strong>Metro<\/strong>: The nearest metro station is Poblesec (l\u00ednea 3) which is 5 minutes walk from the hotel and Plaza Espa\u00f1a (l\u00ednea 1) is 10 minutes walk.<\/p>\n<p><strong>Bus<\/strong>: Bus lines with stop near the hotel are 55 and 121. Others bus lines stop are D20, el L70, L72, H12 that is 10 minutes walk from the hotel.<\/p>\n<p><strong>Turisctic Bus<\/strong>: The nearest stop is La Fuente M\u00e1gica (red route) and is 5 minutes walk from the hotel.<\/p>\n<p>&nbsp;<\/p>\n<p><strong>Aeropuerto de Barcelona \u2013 El Prat<\/strong><\/p>\n<p><strong>Train<\/strong>: The local train RENFE stops in the T2 of the Barcelona Airport and takes you to the Sants Station, where you can switch to metro line 3 and stop in Poblesec, just 5 minutes walk to the hotel.<\/p>\n<p>From the T1 there is a free shuttle bus that takes you to the T2.<\/p>\n<p>Price: Single ticket 2,20 \u20ac per person<\/p>\n<p>Approximate time: 35 minutes<\/p>\n<p><strong>Aerob\u00fas<\/strong>: The Aerob\u00fas stops on both terminals and takes you to Pla\u00e7a d\u2019Espanya. From there, you can come walking, it is just 10 minutes or take metro line 3 and stop in Poblesec (just 1 stop).<\/p>\n<p>Price: 5,90 \u20ac per person<\/p>\n<p>Approximate time: 40 minutes<\/p>\n<p><strong>Taxi<\/strong>: There is taxi rank on both terminals.<\/p>\n<p>Approximate price: 35 \u20ac<\/p>\n<p>Approximate time: 20 minutos<\/p>\n<p><strong>Metro<\/strong>: The line 9 stops on both terminals and takes you to the station Zona Universitaria. From there, you can switch to metro line 3 that has a stop in the metro station Poblesec.<\/p>\n<p>Price: 4,60 \u20ac<\/p>\n<p>Approximate time: 55 minutes<\/p>\n","protected":false},"excerpt":{"rendered":"<p>&nbsp; C\/ La Fran\u00e7a Xica 38 &#8211; Barcelona 08004 &#8211; 934 231 417 SEE IN GOOGLE MAPS How to get Public transport Metro: The nearest metro station is Poblesec (l\u00ednea 3) which is 5 minutes walk from the hotel and Plaza Espa\u00f1a (l\u00ednea 1) is 10 minutes walk. Bus: Bus lines with stop near the [&hellip;]<\/p>\n","protected":false},"author":2,"featured_media":0,"parent":0,"menu_order":0,"comment_status":"closed","ping_status":"closed","template":"page-fullwith.php","meta":[],"acf":[],"_links":{"self":[{"href":"https:\/\/lafransatravellers.com\/en\/wp-json\/wp\/v2\/pages\/268"}],"collection":[{"href":"https:\/\/lafransatravellers.com\/en\/wp-json\/wp\/v2\/pages"}],"about":[{"href":"https:\/\/lafransatravellers.com\/en\/wp-json\/wp\/v2\/types\/page"}],"author":[{"embeddable":true,"href":"https:\/\/lafransatravellers.com\/en\/wp-json\/wp\/v2\/users\/2"}],"replies":[{"embeddable":true,"href":"https:\/\/lafransatravellers.com\/en\/wp-json\/wp\/v2\/comments?post=268"}],"version-history":[{"count":0,"href":"https:\/\/lafransatravellers.com\/en\/wp-json\/wp\/v2\/pages\/268\/revisions"}],"wp:attachment":[{"href":"https:\/\/lafransatravellers.com\/en\/wp-json\/wp\/v2\/media?parent=268"}],"curies":[{"name":"wp","href":"https:\/\/api.w.org\/{rel}","templated":true}]}}