{"id":2529,"date":"2018-07-17T11:32:47","date_gmt":"2018-07-17T11:32:47","guid":{"rendered":"https:\/\/lafransatravellers.com\/ventajas\/"},"modified":"2026-01-21T12:38:22","modified_gmt":"2026-01-21T11:38:22","slug":"avantages","status":"publish","type":"page","link":"https:\/\/lafransatravellers.com\/fr\/avantages\/","title":{"rendered":"Avantages"},"content":{"rendered":"<h5 style=\"text-align: center; font-style: italic; serif; font-weight: 300; color: #726a62; margin-bottom: 40px !important;\">Vous trouverez ici les offres disponibles sur la web de La Fran\u00e7a Travellers o\u00f9 nous garantissons le meilleur prix.<\/h5>\n<div class=\"container twelve columns\" style=\"margin-bottom: 20px; margin-left: 0;\">\n<div class=\"four columns\" style=\"text-align: center; height: 194px; margin-bottom: 30px; background: url('https:\/\/lafransatravellers.com\/wp-content\/uploads\/2024\/02\/ventajas-la-franca-travellers-1.png') center no-repeat; background-size: 300px 194px;\">\n<p style=\"color: #fff; line-height: 200px; font-size: 20px; background: rgb(0,0,0,0.5); height: 194px;\">\n<\/div>\n<div class=\"four columns\" style=\"text-align: center; height: 194px; margin-bottom: 30px; background: url('https:\/\/lafransatravellers.com\/wp-content\/uploads\/2024\/02\/ventajas-la-franca-travellers-2.png') center no-repeat; background-size: 300px 194px;\">\n<div style=\"color: #fff; padding-top: 25%; font-size: 20px; background: rgb(0,0,0,0.5); height: 194px;\"><strong>10% de r\u00e9duction de fid\u00e9lit\u00e9<\/strong><\/p>\n<\/div>\n<\/div>\n<div class=\"four columns\" style=\"text-align: center; height: 194px; margin-bottom: 30px; background: url('https:\/\/lafransatravellers.com\/wp-content\/uploads\/2024\/02\/ventajas-la-franca-travellers-3.png') center no-repeat; background-size: 300px 194px;\">\n<div style=\"color: #fff; padding-top: 25%; font-size: 20px; background: rgb(0,0,0,0.5); height: 194px;\"><\/div>\n<\/div>\n<\/div>\n<div class=\"container twelve columns special\" style=\"margin-bottom: 20px; padding-left: 10%; padding-right: 10%;\">\n<div class=\"row\">\n<div class=\"six columns\" style=\"text-align: center; margin-bottom: 30px; padding: 30px;\"><img decoding=\"async\" loading=\"lazy\" class=\"aligncenter\" src=\"https:\/\/lafransatravellers.com\/wp-content\/uploads\/2018\/07\/mejor-precio-garantizado.svg\" alt=\"\" width=\"80\" height=\"auto\" \/><br \/>\nMeilleur Prix garanti.<br \/>\nSi vous trouvez un meilleur Prix pour votre cat\u00e9gorie de chambre et vos dates, nous l\u2019am\u00e9liorons<\/div>\n<div class=\"six columns\" style=\"text-align: center; margin-left: 0; margin-bottom: 30px; padding: 30px;\"><img decoding=\"async\" loading=\"lazy\" class=\"aligncenter\" src=\"https:\/\/lafransatravellers.com\/wp-content\/uploads\/2018\/07\/mod-free-reserva.svg\" alt=\"\" width=\"80\" height=\"auto\" \/><br \/>\nModifiez sans frais les dates de votre r\u00e9servation non remboursable jusqu&rsquo;\u00e0 7 jours avant votre arriv\u00e9e, en ne payant que la diff\u00e9rence entre la date initiale et la nouvelle date si le tarif est plus \u00e9lev\u00e9.<\/div>\n<\/div>\n<\/div>\n<div class=\"container twelve columns special\" style=\"margin-bottom: 20px; padding-left: 10%; padding-right: 10%;\">\n<div class=\"row\">\n<div class=\"six columns\" style=\"text-align: center; margin-left: 0; margin-bottom: 30px; padding: 30px;\"><img decoding=\"async\" loading=\"lazy\" class=\"aligncenter\" src=\"https:\/\/lafransatravellers.com\/wp-content\/uploads\/2018\/07\/per100.svg\" alt=\"\" width=\"80\" height=\"auto\" \/><br \/>\n10% de r\u00e9duction sur votre r\u00e9servation<\/div>\n<div class=\"six columns\" style=\"text-align: center; margin-left: 0; margin-bottom: 30px; padding: 30px;\"><img decoding=\"async\" loading=\"lazy\" class=\"aligncenter\" src=\"https:\/\/lafransatravellers.com\/wp-content\/uploads\/2018\/07\/categoria-hab.svg\" alt=\"\" width=\"80\" height=\"auto\" \/><br \/>\nDisponibilit\u00e9 de toutes les cat\u00e9gories de chambre<\/div>\n<\/div>\n<\/div>\n<div class=\"container twelve columns special\" style=\"margin-bottom: 20px; padding-left: 10%; padding-right: 10%;\">\n<div class=\"row\">\n<div class=\"six columns\" style=\"text-align: center; margin-left: 0; margin-bottom: 30px; padding: 30px;\"><img decoding=\"async\" loading=\"lazy\" class=\"aligncenter\" src=\"https:\/\/lafransatravellers.com\/wp-content\/uploads\/2018\/07\/sin-coste-por-emision.svg\" alt=\"\" width=\"80\" height=\"auto\" \/><br \/>\nSans frais d\u2019\u00e9mission de r\u00e9servations<br \/>\n(sans interm\u00e9diaire)<\/div>\n<div class=\"six columns\" style=\"text-align: center; margin-left: 0; margin-bottom: 30px; padding: 30px;\"><img decoding=\"async\" loading=\"lazy\" class=\"aligncenter\" src=\"https:\/\/lafransatravellers.com\/wp-content\/uploads\/2018\/07\/confirm-reserva.svg\" alt=\"\" width=\"80\" height=\"auto\" \/><br \/>\nConfirmation imm\u00e9diate de la r\u00e9servation<\/div>\n<\/div>\n<\/div>\n<div class=\"container twelve columns special\" style=\"margin-bottom: 20px; padding-left: 10%; padding-right: 10%;\">\n<div class=\"row\">\n<div class=\"six columns\" style=\"text-align: center; margin-left: 0; margin-bottom: 30px; padding: 30px;\"><img decoding=\"async\" loading=\"lazy\" class=\"aligncenter\" src=\"https:\/\/lafransatravellers.com\/wp-content\/uploads\/2018\/07\/Contacto-directo.svg\" alt=\"\" width=\"80\" height=\"auto\" \/><br \/>\nContact direct avec notre \u00e9quipe pour r\u00e9pondre \u00e0 toutes tes questions<\/div>\n<\/div>\n<\/div>\n","protected":false},"excerpt":{"rendered":"<p>Vous trouverez ici les offres disponibles sur la web de La Fran\u00e7a Travellers o\u00f9 nous garantissons le meilleur prix. 10% de r\u00e9duction de fid\u00e9lit\u00e9 Meilleur Prix garanti. Si vous trouvez un meilleur Prix pour votre cat\u00e9gorie de chambre et vos dates, nous l\u2019am\u00e9liorons Modifiez sans frais les dates de votre r\u00e9servation non remboursable jusqu&rsquo;\u00e0 7 [&hellip;]<\/p>\n","protected":false},"author":4,"featured_media":0,"parent":0,"menu_order":0,"comment_status":"closed","ping_status":"closed","template":"page-fullwith.php","meta":[],"acf":[],"_links":{"self":[{"href":"https:\/\/lafransatravellers.com\/fr\/wp-json\/wp\/v2\/pages\/2529"}],"collection":[{"href":"https:\/\/lafransatravellers.com\/fr\/wp-json\/wp\/v2\/pages"}],"about":[{"href":"https:\/\/lafransatravellers.com\/fr\/wp-json\/wp\/v2\/types\/page"}],"author":[{"embeddable":true,"href":"https:\/\/lafransatravellers.com\/fr\/wp-json\/wp\/v2\/users\/4"}],"replies":[{"embeddable":true,"href":"https:\/\/lafransatravellers.com\/fr\/wp-json\/wp\/v2\/comments?post=2529"}],"version-history":[{"count":0,"href":"https:\/\/lafransatravellers.com\/fr\/wp-json\/wp\/v2\/pages\/2529\/revisions"}],"wp:attachment":[{"href":"https:\/\/lafransatravellers.com\/fr\/wp-json\/wp\/v2\/media?parent=2529"}],"curies":[{"name":"wp","href":"https:\/\/api.w.org\/{rel}","templated":true}]}}