{"id":460,"date":"2015-07-27T15:24:46","date_gmt":"2015-07-27T15:24:46","guid":{"rendered":"https:\/\/lafransatravellers.com\/fr\/?page_id=460"},"modified":"2026-01-21T11:31:44","modified_gmt":"2026-01-21T10:31:44","slug":"chambres","status":"publish","type":"page","link":"https:\/\/lafransatravellers.com\/fr\/chambres\/","title":{"rendered":"Chambres"},"content":{"rendered":"<p>Les chambres de La Fran\u00e7a Travellers partagent un design d\u2019int\u00e9rieur \u00e9l\u00e9gant et romantique avec une d\u00e9coration avec des tons accueillants qui garantissent un s\u00e9jour agr\u00e9able pour que vous puissiez vous reposer apr\u00e8s une longue journ\u00e9e en ville.<\/p>\n<p>Nous proposons 5 diff\u00e9rents types de chambre, de la Standard \u00e0 la Grande Suite avec bain \u00e0 remous. \u00a0D\u00e9couvrez celle qui s\u2019adapte le mieux \u00e0 vos go\u00fbts et besoins.<\/p>\n<p>Toutes nos chambres proposent les \u00e9quipements et les services suivant:<\/p>\n<div class=\"container twelve columns special\" style=\"margin-bottom: 20px; padding-left: 15%; padding-right: 15%;\">\n<div class=\"row\">\n<div class=\"three columns\" style=\"text-align: center; margin-bottom: 30px;\"><img decoding=\"async\" loading=\"lazy\" class=\"aligncenter\" src=\"https:\/\/lafransatravellers.com\/wp-content\/uploads\/2018\/07\/Cama.svg\" alt=\"\" width=\"60\" height=\"auto\" \/><br \/>\n<strong>Lit double King Size<\/strong><\/div>\n<div class=\"three columns\" style=\"text-align: center; margin-left: 0; margin-bottom: 30px;\"><img decoding=\"async\" loading=\"lazy\" class=\"aligncenter\" src=\"https:\/\/lafransatravellers.com\/wp-content\/uploads\/2018\/07\/AireAcondicionado.svg\" alt=\"\" width=\"60\" height=\"auto\" \/><br \/>\n<strong>Climatisation<\/strong><\/div>\n<div class=\"three columns\" style=\"text-align: center; margin-left: 0; margin-bottom: 30px;\"><img decoding=\"async\" loading=\"lazy\" class=\"aligncenter\" src=\"https:\/\/lafransatravellers.com\/wp-content\/uploads\/2018\/07\/Secador.svg\" alt=\"\" width=\"60\" height=\"auto\" \/><br \/>\n<strong>S\u00e8che-chaveux<\/strong><\/div>\n<div class=\"three columns\" style=\"text-align: center; margin-left: 0; margin-bottom: 30px;\"><img decoding=\"async\" loading=\"lazy\" class=\"aligncenter\" src=\"https:\/\/lafransatravellers.com\/wp-content\/uploads\/2018\/07\/Wi-fi.svg\" alt=\"\" width=\"60\" height=\"auto\" \/><br \/>\n<strong>Wifi<\/strong><\/div>\n<\/div>\n<\/div>\n<div class=\"container twelve columns special\" style=\"margin-bottom: 20px; padding-left: 15%; padding-right: 15%;\">\n<div class=\"row\">\n<div class=\"three columns\" style=\"text-align: center; margin-left: 0; margin-bottom: 30px;\"><img decoding=\"async\" loading=\"lazy\" class=\"aligncenter\" src=\"https:\/\/lafransatravellers.com\/wp-content\/uploads\/2018\/07\/SmartTV.svg\" alt=\"\" width=\"60\" height=\"auto\" \/><br \/>\n<strong>TV avec cha\u00eenes internationales<\/strong><\/div>\n<div class=\"three columns\" style=\"text-align: center; margin-left: 0; margin-bottom: 30px;\"><img decoding=\"async\" loading=\"lazy\" class=\"aligncenter\" src=\"https:\/\/lafransatravellers.com\/wp-content\/uploads\/2018\/07\/Amenities.svg\" alt=\"\" width=\"60\" height=\"auto\" \/><br \/>\n<strong>Articles de toilette<\/strong><\/div>\n<div class=\"three columns\" style=\"text-align: center; margin-left: 0; margin-bottom: 30px;\"><img decoding=\"async\" loading=\"lazy\" class=\"aligncenter\" src=\"https:\/\/lafransatravellers.com\/wp-content\/uploads\/2018\/07\/Parking.svg\" alt=\"\" width=\"60\" height=\"auto\" \/><br \/>\n<strong>Parking payant ou gratuit*<\/strong><\/div>\n<div class=\"three columns\" style=\"text-align: center; margin-left: 0; margin-bottom: 30px;\"><img decoding=\"async\" loading=\"lazy\" class=\"aligncenter\" src=\"https:\/\/lafransatravellers.com\/wp-content\/uploads\/2018\/07\/servicio24h.svg\" alt=\"\" width=\"60\" height=\"auto\" \/><br \/>\n<strong>Service en chambre<br \/>\n07h00 \u00e0 02h00<\/strong><\/div>\n<\/div>\n<div>\n<p style=\"padding-right: 5%; padding-left: 5%;\">* Parking payant du 1\/3 au 31\/10 et gratuit du 1\/11 au 28\/2, pour voitures et motos. Dans le cas de v\u00e9hicules avec des mesures sp\u00e9ciales, veuillez nous contacter pour confirmer les mesures et conditions.<\/p>\n<\/div>\n<\/div>\n","protected":false},"excerpt":{"rendered":"<p>Les chambres de La Fran\u00e7a Travellers partagent un design d\u2019int\u00e9rieur \u00e9l\u00e9gant et romantique avec une d\u00e9coration avec des tons accueillants qui garantissent un s\u00e9jour agr\u00e9able pour que vous puissiez vous reposer apr\u00e8s une longue journ\u00e9e en ville. Nous proposons 5 diff\u00e9rents types de chambre, de la Standard \u00e0 la Grande Suite avec bain \u00e0 remous. [&hellip;]<\/p>\n","protected":false},"author":2,"featured_media":0,"parent":0,"menu_order":0,"comment_status":"closed","ping_status":"closed","template":"page-habitaciones.php","meta":[],"acf":[],"_links":{"self":[{"href":"https:\/\/lafransatravellers.com\/fr\/wp-json\/wp\/v2\/pages\/460"}],"collection":[{"href":"https:\/\/lafransatravellers.com\/fr\/wp-json\/wp\/v2\/pages"}],"about":[{"href":"https:\/\/lafransatravellers.com\/fr\/wp-json\/wp\/v2\/types\/page"}],"author":[{"embeddable":true,"href":"https:\/\/lafransatravellers.com\/fr\/wp-json\/wp\/v2\/users\/2"}],"replies":[{"embeddable":true,"href":"https:\/\/lafransatravellers.com\/fr\/wp-json\/wp\/v2\/comments?post=460"}],"version-history":[{"count":0,"href":"https:\/\/lafransatravellers.com\/fr\/wp-json\/wp\/v2\/pages\/460\/revisions"}],"wp:attachment":[{"href":"https:\/\/lafransatravellers.com\/fr\/wp-json\/wp\/v2\/media?parent=460"}],"curies":[{"name":"wp","href":"https:\/\/api.w.org\/{rel}","templated":true}]}}