{"id":480,"date":"2015-07-27T15:25:04","date_gmt":"2015-07-27T15:25:04","guid":{"rendered":"https:\/\/lafransatravellers.com\/fr\/?page_id=480"},"modified":"2026-01-21T10:27:50","modified_gmt":"2026-01-21T09:27:50","slug":"services","status":"publish","type":"page","link":"https:\/\/lafransatravellers.com\/fr\/services\/","title":{"rendered":"Services"},"content":{"rendered":"<p>Chez\u00a0<strong>La Fran\u00e7a Travellers<\/strong> nos h\u00f4tes sont les plus importants. Nous prenons soin du moindre d\u00e9tail pour que vous vous sentiez comme chez vous et mettons \u00e0 votre disposition une large gamme de services qui rendront votre s\u00e9jour \u00e0 l\u2019h\u00f4tel inoubliable.<\/p>\n<p>Notre \u00e9quipe de r\u00e9ception est disponible 24h\/24 pour r\u00e9pondre \u00e0 tous vos besoins. Vous pourrez profiter du service en chambre de 07h00 \u00e0 02h00 et vous connecter \u00e0 notre Wi-Fi gratuit dans tout l\u2019h\u00f4tel. Nous disposons \u00e9galement d\u2019un parking priv\u00e9 pour voitures et motos, payant ou gratuit selon la saison, situ\u00e9 dans le m\u00eame b\u00e2timent. Profitez de notre terrasse ext\u00e9rieure avec jardin, un espace id\u00e9al pour vous d\u00e9tendre et savourer notre s\u00e9lection de boissons. Pour plus de confort, nous offrons un service de consigne gratuit les jours d\u2019arriv\u00e9e et de d\u00e9part, ainsi que de nombreux autres \u00e9quipements pour rendre votre s\u00e9jour parfait.<\/p>\n<p>&nbsp;<\/p>\n<p>&nbsp;<\/p>\n<div class=\"container twelve columns special\" style=\"margin-bottom: 20px; padding-left: 15%; padding-right: 15%; margin-left: 0;\">\n<div class=\"row\">\n<div class=\"three columns\" style=\"text-align: center; margin-bottom: 30px;\"><img decoding=\"async\" loading=\"lazy\" class=\"aligncenter\" src=\"https:\/\/lafransatravellers.com\/wp-content\/uploads\/2018\/07\/Parking.svg\" alt=\"\" width=\"60\" height=\"auto\" \/><br \/>\n<strong>Parking payant ou gratuit selon la saison*<\/strong><\/div>\n<div class=\"three columns\" style=\"text-align: center; margin-bottom: 30px;\"><img decoding=\"async\" loading=\"lazy\" class=\"aligncenter\" src=\"https:\/\/lafransatravellers.com\/wp-content\/uploads\/2018\/07\/Recepc24h.svg\" alt=\"\" width=\"60\" height=\"auto\" \/><br \/>\n<strong>R\u00e9ception ouverte 24h<\/strong><\/div>\n<div class=\"three columns \" style=\"text-align: center; margin-bottom: 30px;\"><img decoding=\"async\" loading=\"lazy\" class=\"aligncenter\" src=\"https:\/\/lafransatravellers.com\/wp-content\/uploads\/2018\/07\/servicio24h.svg\" alt=\"\" width=\"60\" height=\"auto\" \/><br \/>\n<strong>Service en chambre<br \/>\n07h00 \u00e0 02h00<\/strong><\/div>\n<div class=\"three columns\" style=\"text-align: center; margin-bottom: 30px;\"><img decoding=\"async\" loading=\"lazy\" class=\"aligncenter\" src=\"https:\/\/lafransatravellers.com\/wp-content\/uploads\/2018\/07\/Consigna.svg\" alt=\"\" width=\"60\" height=\"auto\" \/><br \/>\n<strong>Consigne le jour d&rsquo;arriv\u00e9e\/d\u00e9part<br \/>\n<\/strong><\/div>\n<\/div>\n<\/div>\n<div class=\"container twelve columns special\" style=\"margin-bottom: 20px; padding-left: 15%; padding-right: 15%; margin-left: 0;\">\n<div class=\"row\">\n<div class=\"three columns\" style=\"text-align: center; margin-bottom: 30px;\"><img decoding=\"async\" loading=\"lazy\" class=\"aligncenter\" src=\"https:\/\/lafransatravellers.com\/wp-content\/uploads\/2018\/07\/Wifi-Gratuito.svg\" alt=\"\" width=\"60\" height=\"auto\" \/><br \/>\n<strong>WiFi gratuit<\/strong><\/div>\n<div class=\"three columns\" style=\"text-align: center; ; margin-bottom: 30px;\"><a href=\"https:\/\/lafransatravellers.com\/wp-content\/uploads\/2026\/01\/tetera2-2.png\"><img decoding=\"async\" loading=\"lazy\" class=\"alignnone wp-image-5861\" src=\"https:\/\/lafransatravellers.com\/wp-content\/uploads\/2026\/01\/tetera2-2-300x300.png\" alt=\"\" width=\"60\" height=\"60\" srcset=\"https:\/\/lafransatravellers.com\/wp-content\/uploads\/2026\/01\/tetera2-2-300x300.png 300w, https:\/\/lafransatravellers.com\/wp-content\/uploads\/2026\/01\/tetera2-2-150x150.png 150w, https:\/\/lafransatravellers.com\/wp-content\/uploads\/2026\/01\/tetera2-2.png 512w\" sizes=\"(max-width: 60px) 100vw, 60px\" \/><\/a><br \/>\n<strong>Eau citronn\u00e9e et th\u00e9<br \/>\n\u00e0 la r\u00e9ception<\/strong><\/div>\n<div class=\"three columns\" style=\"text-align: center; margin-bottom: 30px;\"><img decoding=\"async\" loading=\"lazy\" class=\"aligncenter\" src=\"https:\/\/lafransatravellers.com\/wp-content\/uploads\/2018\/07\/infor-turist.svg\" alt=\"\" width=\"60\" height=\"auto\" \/><br \/>\n<strong>Information turistique<br \/>\n<\/strong><\/div>\n<div class=\"three columns\" style=\"text-align: center; margin-bottom: 30px;\"><img decoding=\"async\" loading=\"lazy\" class=\"aligncenter\" src=\"https:\/\/lafransatravellers.com\/wp-content\/uploads\/2018\/07\/Taxi.svg\" alt=\"\" width=\"60\" height=\"auto\" \/><br \/>\n<strong>R\u00e9ervation de taxi<br \/>\n\u00e0 l&rsquo;a\u00e9roport<br \/>\n<\/strong><\/div>\n<\/div>\n<div>\n<p style=\"padding-right: 5%; padding-left: 5%;\">* Parking payant du 1\/3 au 31\/10 et gratuit du 1\/11 au 28\/2, pour voitures et motos. Dans le cas de v\u00e9hicules avec des mesures sp\u00e9ciales, veuillez nous contacter pour confirmer les mesures et conditions.<\/p>\n<\/div>\n<\/div>\n","protected":false},"excerpt":{"rendered":"<p>Chez\u00a0La Fran\u00e7a Travellers nos h\u00f4tes sont les plus importants. Nous prenons soin du moindre d\u00e9tail pour que vous vous sentiez comme chez vous et mettons \u00e0 votre disposition une large gamme de services qui rendront votre s\u00e9jour \u00e0 l\u2019h\u00f4tel inoubliable. Notre \u00e9quipe de r\u00e9ception est disponible 24h\/24 pour r\u00e9pondre \u00e0 tous vos besoins. Vous pourrez [&hellip;]<\/p>\n","protected":false},"author":2,"featured_media":0,"parent":0,"menu_order":0,"comment_status":"closed","ping_status":"closed","template":"page-fullwith.php","meta":[],"acf":[],"_links":{"self":[{"href":"https:\/\/lafransatravellers.com\/fr\/wp-json\/wp\/v2\/pages\/480"}],"collection":[{"href":"https:\/\/lafransatravellers.com\/fr\/wp-json\/wp\/v2\/pages"}],"about":[{"href":"https:\/\/lafransatravellers.com\/fr\/wp-json\/wp\/v2\/types\/page"}],"author":[{"embeddable":true,"href":"https:\/\/lafransatravellers.com\/fr\/wp-json\/wp\/v2\/users\/2"}],"replies":[{"embeddable":true,"href":"https:\/\/lafransatravellers.com\/fr\/wp-json\/wp\/v2\/comments?post=480"}],"version-history":[{"count":0,"href":"https:\/\/lafransatravellers.com\/fr\/wp-json\/wp\/v2\/pages\/480\/revisions"}],"wp:attachment":[{"href":"https:\/\/lafransatravellers.com\/fr\/wp-json\/wp\/v2\/media?parent=480"}],"curies":[{"name":"wp","href":"https:\/\/api.w.org\/{rel}","templated":true}]}}