{"id":520,"date":"2015-07-27T15:26:42","date_gmt":"2015-07-27T15:26:42","guid":{"rendered":"https:\/\/lafransatravellers.com\/fr\/?page_id=520"},"modified":"2018-08-08T06:39:01","modified_gmt":"2018-08-08T06:39:01","slug":"emplacement","status":"publish","type":"page","link":"https:\/\/lafransatravellers.com\/fr\/emplacement\/","title":{"rendered":"Emplacement"},"content":{"rendered":"<div class=\"ubicacion\">\n<style type=\"text\/css\" id=\"gmpMapStyles_1_85133\">\n\t#google_map_easy_1_85133 {\n        width: 100%;\n        height: 400px;\n\t\t\t\t\t\t    }\n\t#gmapControlsNum_1_85133 {\n\t\twidth:100%\t}\n\t.gmpMapDetailsContainer#gmpMapDetailsContainer_1_85133 {\n\t\theight:400px;\n\t}\n\t.gmp_MapPreview#google_map_easy_1_85133 {\n\t\t\/*position:absolute;*\/\n\t\twidth: 100%;\n\t}\n\t#mapConElem_1_85133{\n\t\twidth: 100%\t}\n    .gm-style .gm-style-iw-c{\n        padding: 12px!important;\n    }\n\t    <\/style>\n <div class=\"gmp_map_opts\" id=\"mapConElem_1_85133\" data-id=\"1\" data-view-id=\"1_85133\" > <div class=\"gmpMapDetailsContainer\" id=\"gmpMapDetailsContainer_1_85133\"> <i class=\"gmpKMLLayersPreloader fa fa-spinner fa-spin\" aria-hidden=\"true\" style=\"display: none;\"><\/i> <div class=\"gmp_MapPreview \" id=\"google_map_easy_1_85133\"><\/div> <\/div> <div class=\"gmpMapMarkerFilters\" id=\"gmpMapMarkerFilters_1_85133\"> <\/div> <div class=\"gmpMapProControlsCon\" id=\"gmpMapProControlsCon_1_85133\"> <\/div> <div class=\"gmpMapProDirectionsCon\" id=\"gmpMapProDirectionsCon_1_85133\" > <\/div> <div class=\"gmpMapProKmlFilterCon\" id=\"gmpMapProKmlFilterCon_1_85133\" > <\/div> <div class=\"gmpSocialSharingShell gmpSocialSharingShell_1_85133\"> <\/div> <div style=\"clear: both;\"><\/div> <\/div> \n<p>&nbsp;<\/p>\n<p style=\"text-align: center;\">C\/ La Fran\u00e7a Xica 38 &#8211; Barcelona 08004 &#8211; <a href=\"tel:+34934231417\">934 231 417<\/a><\/p>\n<p style=\"text-align: center;\"><a href=\"https:\/\/goo.gl\/maps\/RtjLKVXyTUr\" target=\"_blank\" rel=\"noopener\">VOIR DANS GOOGLE MAPS<\/a><\/p>\n<h2>Comment arriver<\/h2>\n<\/div>\n<p><strong>Transport public<\/strong><\/p>\n<p><strong>M\u00e9tro<\/strong>: Les stations de m\u00e9tro les plus proches sont Poble Sec (ligne 3) \u00e0 5 minutes \u00e0 pied, et Pla\u00e7a Espanya (ligne 1) \u00e0 10 minutes \u00e0 pied.<\/p>\n<p><strong>Bus<\/strong>: Les bus s\u2019arr\u00eatant \u00e0 c\u00f4t\u00e9 de l\u2019h\u00f4tel sont le 55 et le 121. L\u2019arr\u00eat du D20, L70, L72, H12 se trouve \u00e0 10 minutes \u00e0 pied.<\/p>\n<p><strong>Bus<\/strong> <strong>touristique<\/strong>: L\u2019arr\u00eat le plus proche de l\u2019h\u00f4tel est situ\u00e9 pr\u00e8s de la Fontaine Magique (route rouge) et se trouve \u00e0 5 minutes \u00e0 pied de l\u2019h\u00f4tel.<\/p>\n<p>&nbsp;<\/p>\n<p><strong>A\u00e9roport de Barcelone \u2013 El Prat<\/strong><\/p>\n<p><strong>Train<\/strong>: Le train r\u00e9gional RENFE peut \u00eatre pris depuis le T2 de l\u2019A\u00e9roport de Barcelone et vous emm\u00e8nera jusqu\u2019\u00e0 la gare de Sants.  Vous pourrez ensuite prendre la ligne 3 du m\u00e9tro pour arriver \u00e0 Poble Sec, \u00e0 seulement 5 minutes de l\u2019h\u00f4tel.<\/p>\n<p>Depuis le T1 une navette gratuite est disponible pour se rendre au T2.<\/p>\n<p>Prix : Billet simple 2,20 \u20ac par personne<\/p>\n<p>Temps approximatif : 35 minutes<\/p>\n<p><strong>A\u00e9robus<\/strong>: Vous pouvez prendre l\u2019A\u00e9robus depuis les 2 terminaux pour rejoindre la Place d\u2019Espagne.  Vous vous trouverez ensuite \u00e0 10 minutes \u00e0 pied de l\u2019h\u00f4tel que vous pourrez rejoindre \u00e0 pied, ou vous pouvez emprunter la ligne 3 du m\u00e9tro qui vous m\u00e8nera \u00e0 Poble Sec (1 arr\u00eat).<\/p>\n<p>Prix : 5,90 \u20ac par personne<\/p>\n<p>Temps approximatif : 40 minutes<\/p>\n<p><strong>Taxi<\/strong>: Il y a des arr\u00eats dans les deux terminaux.<\/p>\n<p>Prix approximatif : 35 \u20ac<\/p>\n<p>Temps approximatif : 20 minutes<\/p>\n<p><strong>M\u00e9tro<\/strong>: Vous pouvez prendre la ligne 9 Sud depuis les deux terminaux et pour aller jusqu\u2019\u00e0 l\u2019arr\u00eat Zona Universit\u00e0ria.  Vous pourrez ensuite continuer avec la ligne 3 et descendre \u00e0 Poble Sec.<\/p>\n<p>Prix: 4,60 \u20ac<\/p>\n<p>Temps approximatif : 55 minutes<\/p>\n","protected":false},"excerpt":{"rendered":"<p>&nbsp; C\/ La Fran\u00e7a Xica 38 &#8211; Barcelona 08004 &#8211; 934 231 417 VOIR DANS GOOGLE MAPS Comment arriver Transport public M\u00e9tro: Les stations de m\u00e9tro les plus proches sont Poble Sec (ligne 3) \u00e0 5 minutes \u00e0 pied, et Pla\u00e7a Espanya (ligne 1) \u00e0 10 minutes \u00e0 pied. Bus: Les bus s\u2019arr\u00eatant \u00e0 c\u00f4t\u00e9 [&hellip;]<\/p>\n","protected":false},"author":2,"featured_media":0,"parent":0,"menu_order":0,"comment_status":"closed","ping_status":"closed","template":"page-fullwith.php","meta":[],"acf":[],"_links":{"self":[{"href":"https:\/\/lafransatravellers.com\/fr\/wp-json\/wp\/v2\/pages\/520"}],"collection":[{"href":"https:\/\/lafransatravellers.com\/fr\/wp-json\/wp\/v2\/pages"}],"about":[{"href":"https:\/\/lafransatravellers.com\/fr\/wp-json\/wp\/v2\/types\/page"}],"author":[{"embeddable":true,"href":"https:\/\/lafransatravellers.com\/fr\/wp-json\/wp\/v2\/users\/2"}],"replies":[{"embeddable":true,"href":"https:\/\/lafransatravellers.com\/fr\/wp-json\/wp\/v2\/comments?post=520"}],"version-history":[{"count":0,"href":"https:\/\/lafransatravellers.com\/fr\/wp-json\/wp\/v2\/pages\/520\/revisions"}],"wp:attachment":[{"href":"https:\/\/lafransatravellers.com\/fr\/wp-json\/wp\/v2\/media?parent=520"}],"curies":[{"name":"wp","href":"https:\/\/api.w.org\/{rel}","templated":true}]}}