{"id":2547,"date":"2015-07-27T15:26:42","date_gmt":"2015-07-27T15:26:42","guid":{"rendered":"https:\/\/lafransatravellers.com\/localizacion\/"},"modified":"2018-08-30T06:26:59","modified_gmt":"2018-08-30T06:26:59","slug":"posizione","status":"publish","type":"page","link":"https:\/\/lafransatravellers.com\/it\/posizione\/","title":{"rendered":"Posizione"},"content":{"rendered":"<div class=\"ubicacion\">\n<style type=\"text\/css\" id=\"gmpMapStyles_1_15118\">\n\t#google_map_easy_1_15118 {\n        width: 100%;\n        height: 400px;\n\t\t\t\t\t\t    }\n\t#gmapControlsNum_1_15118 {\n\t\twidth:100%\t}\n\t.gmpMapDetailsContainer#gmpMapDetailsContainer_1_15118 {\n\t\theight:400px;\n\t}\n\t.gmp_MapPreview#google_map_easy_1_15118 {\n\t\t\/*position:absolute;*\/\n\t\twidth: 100%;\n\t}\n\t#mapConElem_1_15118{\n\t\twidth: 100%\t}\n    .gm-style .gm-style-iw-c{\n        padding: 12px!important;\n    }\n\t    <\/style>\n <div class=\"gmp_map_opts\" id=\"mapConElem_1_15118\" data-id=\"1\" data-view-id=\"1_15118\" > <div class=\"gmpMapDetailsContainer\" id=\"gmpMapDetailsContainer_1_15118\"> <i class=\"gmpKMLLayersPreloader fa fa-spinner fa-spin\" aria-hidden=\"true\" style=\"display: none;\"><\/i> <div class=\"gmp_MapPreview \" id=\"google_map_easy_1_15118\"><\/div> <\/div> <div class=\"gmpMapMarkerFilters\" id=\"gmpMapMarkerFilters_1_15118\"> <\/div> <div class=\"gmpMapProControlsCon\" id=\"gmpMapProControlsCon_1_15118\"> <\/div> <div class=\"gmpMapProDirectionsCon\" id=\"gmpMapProDirectionsCon_1_15118\" > <\/div> <div class=\"gmpMapProKmlFilterCon\" id=\"gmpMapProKmlFilterCon_1_15118\" > <\/div> <div class=\"gmpSocialSharingShell gmpSocialSharingShell_1_15118\"> <\/div> <div style=\"clear: both;\"><\/div> <\/div> \n<p>&nbsp;<\/p>\n<p style=\"text-align: center;\">C\/ La Fran\u00e7a Xica 38 &#8211; Barcelona 08004 &#8211; <a href=\"tel:+34934231417\">934 231 417<\/a><\/p>\n<p style=\"text-align: center;\"><a href=\"https:\/\/goo.gl\/maps\/RtjLKVXyTUr\" target=\"_blank\" rel=\"noopener\">VEDERE IN GOOGLE MAPS<\/a><\/p>\n<h2>Come ottenere<\/h2>\n<\/div>\n<p><strong>Trasporti pubblici<\/strong><\/p>\n<p><strong>Metropolitana<\/strong>: La fermata della metropolitana pi\u00f9 vicina \u00e8 Poblesec (l\u00ednea 3) si trova a circa 5 minuti a piedi di l\u2019hotel e Pla\u00e7a d\u2019Espanya (linea 1) si trova a 10 minuti.<\/p>\n<p><strong>Autobus<\/strong>: La fermata della metropolitana pi\u00f9 vicina \u00e8 Poblesec (l\u00ednea 3) si trova a circa 5 minuti a piedi di l\u2019hotel e Pla\u00e7a d\u2019Espanya (linea 1) si trova a 10 minuti.<\/p>\n<p><strong>Autobus turistico<\/strong>: La fermata pi\u00f9 vicina all\u2019hotel \u00e8 quella di Font M\u00e0gica (percorso rosso) a circa 5 minuti a piede di l\u2019hotel.<\/p>\n<p>&nbsp;<\/p>\n<p><strong>Aeroporto di Barcellona \u2013 El Prat<\/strong><\/p>\n<p><strong>Treno<\/strong>: Il treno locale RENFE si pu\u00f2 prendere da l\u2019Aeroporto di Barcellona T2 e vi porter\u00e0 alla Stazione Sants. Da li, pu\u00f2 prendere la metropolitana fino la fermata Poblesec, che si trova a 5 minuti a piede.<\/p>\n<p>Dalla T1 c\u2019\u00e8 un la navetta gratuita che vi porta alla T2.<\/p>\n<p>Prezzo: singolo 2,20 \u20ac a persona<\/p>\n<p>Durata approsimativa: 35 minuti<\/p>\n<p><strong>Aerobus<\/strong>: Pu\u00f2 prendere l\u2019Aerobus dai tutte due terminali e vi porter\u00e0 fino Pla\u00e7a d\u2019Espanya. Ci troviamo a 5 minuti a piedi o pu\u00f2 prendere la l\u00ednea 3 della metropolitana fino Poblesec (solo 1 fermata).<\/p>\n<p>Prezzo: 5,90 \u20ac a persona<\/p>\n<p>Durata approsimativa: 40 minuti<\/p>\n<p><strong>Taxi<\/strong>: C\u2019\u00e8 una stazione di taxi nelle due terminali.<\/p>\n<p>Prezzo approsimativo: 35 \u20ac<\/p>\n<p>Durata approsimativa: 20 minuti<\/p>\n<p><strong>Metropolitana<\/strong>: \u00c8 possibile prendere la Linea 9 Sud in tutte due terminali e vi porter\u00e0 fino la fermata Zona Universitaria. Da li, pu\u00f2 canviare alla linea 3 della e fermarsi a Poblesec.<\/p>\n<p>Prezzo: 4,60 \u20ac<\/p>\n<p>Durata approsimativa: 55 minuti<\/p>\n","protected":false},"excerpt":{"rendered":"<p>&nbsp; C\/ La Fran\u00e7a Xica 38 &#8211; Barcelona 08004 &#8211; 934 231 417 VEDERE IN GOOGLE MAPS Come ottenere Trasporti pubblici Metropolitana: La fermata della metropolitana pi\u00f9 vicina \u00e8 Poblesec (l\u00ednea 3) si trova a circa 5 minuti a piedi di l\u2019hotel e Pla\u00e7a d\u2019Espanya (linea 1) si trova a 10 minuti. Autobus: La fermata [&hellip;]<\/p>\n","protected":false},"author":2,"featured_media":0,"parent":0,"menu_order":0,"comment_status":"closed","ping_status":"closed","template":"page-fullwith.php","meta":[],"acf":[],"_links":{"self":[{"href":"https:\/\/lafransatravellers.com\/it\/wp-json\/wp\/v2\/pages\/2547"}],"collection":[{"href":"https:\/\/lafransatravellers.com\/it\/wp-json\/wp\/v2\/pages"}],"about":[{"href":"https:\/\/lafransatravellers.com\/it\/wp-json\/wp\/v2\/types\/page"}],"author":[{"embeddable":true,"href":"https:\/\/lafransatravellers.com\/it\/wp-json\/wp\/v2\/users\/2"}],"replies":[{"embeddable":true,"href":"https:\/\/lafransatravellers.com\/it\/wp-json\/wp\/v2\/comments?post=2547"}],"version-history":[{"count":0,"href":"https:\/\/lafransatravellers.com\/it\/wp-json\/wp\/v2\/pages\/2547\/revisions"}],"wp:attachment":[{"href":"https:\/\/lafransatravellers.com\/it\/wp-json\/wp\/v2\/media?parent=2547"}],"curies":[{"name":"wp","href":"https:\/\/api.w.org\/{rel}","templated":true}]}}